{"id":30144,"date":"2021-11-12T11:41:28","date_gmt":"2021-11-12T10:41:28","guid":{"rendered":"https:\/\/alarze.ch\/header\/"},"modified":"2024-10-31T13:59:20","modified_gmt":"2024-10-31T12:59:20","slug":"header","status":"publish","type":"page","link":"https:\/\/alarze.ch\/de\/header\/","title":{"rendered":"Header"},"content":{"rendered":"\t\t<div data-elementor-type=\"wp-page\" data-elementor-id=\"30144\" class=\"elementor elementor-30144 elementor-46\" data-elementor-post-type=\"page\">\n\t\t\t\t\t\t<section class=\"elementor-section elementor-top-section elementor-element elementor-element-214824ec elementor-section-stretched elementor-section-full_width elementor-section-content-middle elementor-section-height-default elementor-section-height-default elementor-invisible\" data-id=\"214824ec\" data-element_type=\"section\" id=\"nd_contact_navigation\" data-settings=\"{&quot;stretch_section&quot;:&quot;section-stretched&quot;,&quot;animation&quot;:&quot;fadeInDown&quot;,&quot;background_background&quot;:&quot;classic&quot;,&quot;sticky&quot;:&quot;top&quot;,&quot;sticky_on&quot;:[&quot;desktop&quot;],&quot;sticky_offset&quot;:0,&quot;sticky_effects_offset&quot;:0,&quot;sticky_anchor_link_offset&quot;:0}\">\n\t\t\t\t\t\t<div class=\"elementor-container elementor-column-gap-default\">\n\t\t\t\t\t<div class=\"elementor-column elementor-col-25 elementor-top-column elementor-element elementor-element-3910c793\" data-id=\"3910c793\" data-element_type=\"column\">\n\t\t\t<div class=\"elementor-widget-wrap elementor-element-populated\">\n\t\t\t\t\t\t<div class=\"elementor-element elementor-element-723357f0 elementor-widget elementor-widget-image\" data-id=\"723357f0\" data-element_type=\"widget\" data-widget_type=\"image.default\">\n\t\t\t\t<div class=\"elementor-widget-container\">\n\t\t\t\t\t\t\t\t\t\t\t\t\t\t\t\t<a href=\"https:\/\/alarze.ch\/de\/\">\n\t\t\t\t\t\t\t<img decoding=\"async\" src=\"https:\/\/alarze.ch\/wp-content\/uploads\/2022\/09\/a-larza.png\" title=\"a-larza\" alt=\"a-larza\" loading=\"lazy\" \/>\t\t\t\t\t\t\t\t<\/a>\n\t\t\t\t\t\t\t\t\t\t\t\t\t\t\t<\/div>\n\t\t\t\t<\/div>\n\t\t\t\t\t<\/div>\n\t\t<\/div>\n\t\t\t\t<div class=\"elementor-column elementor-col-25 elementor-top-column elementor-element elementor-element-65ab3909\" data-id=\"65ab3909\" data-element_type=\"column\" id=\"main-menu\">\n\t\t\t<div class=\"elementor-widget-wrap elementor-element-populated\">\n\t\t\t\t\t\t<div class=\"elementor-element elementor-element-e4f10f7 elementor-nav-menu__align-center elementor-nav-menu--stretch elementor-nav-menu--dropdown-tablet elementor-nav-menu__text-align-aside elementor-nav-menu--toggle elementor-nav-menu--burger elementor-widget elementor-widget-nav-menu\" data-id=\"e4f10f7\" data-element_type=\"widget\" data-settings=\"{&quot;submenu_icon&quot;:{&quot;value&quot;:&quot;&lt;i class=\\&quot;fas fa-angle-down\\&quot;&gt;&lt;\\\/i&gt;&quot;,&quot;library&quot;:&quot;fa-solid&quot;},&quot;full_width&quot;:&quot;stretch&quot;,&quot;layout&quot;:&quot;horizontal&quot;,&quot;toggle&quot;:&quot;burger&quot;}\" data-widget_type=\"nav-menu.default\">\n\t\t\t\t<div class=\"elementor-widget-container\">\n\t\t\t\t\t\t\t\t<nav aria-label=\"Men\u00fc\" class=\"elementor-nav-menu--main elementor-nav-menu__container elementor-nav-menu--layout-horizontal e--pointer-none\">\n\t\t\t\t<ul id=\"menu-1-e4f10f7\" class=\"elementor-nav-menu\"><li class=\"menu-item menu-item-type-post_type menu-item-object-page menu-item-28926\"><a href=\"https:\/\/alarze.ch\/home\/\" class=\"elementor-item\">Home<\/a><\/li>\n<li class=\"menu-item menu-item-type-post_type menu-item-object-page menu-item-31125\"><a href=\"https:\/\/alarze.ch\/situation\/\" class=\"elementor-item\">Situation<\/a><\/li>\n<li class=\"menu-item menu-item-type-post_type menu-item-object-page menu-item-28896\"><a href=\"https:\/\/alarze.ch\/prices\/\" class=\"elementor-item\">Prices<\/a><\/li>\n<li class=\"menu-item menu-item-type-post_type menu-item-object-page menu-item-28910\"><a href=\"https:\/\/alarze.ch\/activities\/\" class=\"elementor-item\">Activities<\/a><\/li>\n<li class=\"menu-item menu-item-type-custom menu-item-object-custom menu-item-has-children menu-item-30348\"><a href=\"#\" class=\"elementor-item elementor-item-anchor\">The Hotel<\/a>\n<ul class=\"sub-menu elementor-nav-menu--dropdown\">\n\t<li class=\"menu-item menu-item-type-post_type menu-item-object-page menu-item-31263\"><a href=\"https:\/\/alarze.ch\/team\/\" class=\"elementor-sub-item\">Team<\/a><\/li>\n\t<li class=\"nd_options_new_label menu-item menu-item-type-post_type menu-item-object-page menu-item-28894\"><a href=\"https:\/\/alarze.ch\/pictures\/\" class=\"elementor-sub-item\">Pictures<\/a><\/li>\n\t<li class=\"menu-item menu-item-type-post_type menu-item-object-page menu-item-28898\"><a href=\"https:\/\/alarze.ch\/virtual-tours\/\" class=\"elementor-sub-item\">Virtual tours<\/a><\/li>\n\t<li class=\"menu-item menu-item-type-post_type menu-item-object-page menu-item-28915\"><a href=\"https:\/\/alarze.ch\/movies\/\" class=\"elementor-sub-item\">Movies<\/a><\/li>\n<\/ul>\n<\/li>\n<li class=\"text-align-center menu-item menu-item-type-custom menu-item-object-custom menu-item-32053\"><a target=\"_blank\" href=\"https:\/\/uchale.ch\/en\" class=\"elementor-item\">NEW<br>Chalet U CHAL\u00cb<\/a><\/li>\n<li class=\"nd_options_new_label menu-item menu-item-type-post_type menu-item-object-page menu-item-28924\"><a href=\"https:\/\/alarze.ch\/contact\/\" class=\"elementor-item\">Contact<\/a><\/li>\n<\/ul>\t\t\t<\/nav>\n\t\t\t\t\t<div class=\"elementor-menu-toggle\" role=\"button\" tabindex=\"0\" aria-label=\"Menu Toggle\" aria-expanded=\"false\">\n\t\t\t<i aria-hidden=\"true\" role=\"presentation\" class=\"elementor-menu-toggle__icon--open eicon-menu-bar\"><\/i><i aria-hidden=\"true\" role=\"presentation\" class=\"elementor-menu-toggle__icon--close eicon-close\"><\/i>\t\t<\/div>\n\t\t\t\t\t<nav class=\"elementor-nav-menu--dropdown elementor-nav-menu__container\" aria-hidden=\"true\">\n\t\t\t\t<ul id=\"menu-2-e4f10f7\" class=\"elementor-nav-menu\"><li class=\"menu-item menu-item-type-post_type menu-item-object-page menu-item-28926\"><a href=\"https:\/\/alarze.ch\/home\/\" class=\"elementor-item\" tabindex=\"-1\">Home<\/a><\/li>\n<li class=\"menu-item menu-item-type-post_type menu-item-object-page menu-item-31125\"><a href=\"https:\/\/alarze.ch\/situation\/\" class=\"elementor-item\" tabindex=\"-1\">Situation<\/a><\/li>\n<li class=\"menu-item menu-item-type-post_type menu-item-object-page menu-item-28896\"><a href=\"https:\/\/alarze.ch\/prices\/\" class=\"elementor-item\" tabindex=\"-1\">Prices<\/a><\/li>\n<li class=\"menu-item menu-item-type-post_type menu-item-object-page menu-item-28910\"><a href=\"https:\/\/alarze.ch\/activities\/\" class=\"elementor-item\" tabindex=\"-1\">Activities<\/a><\/li>\n<li class=\"menu-item menu-item-type-custom menu-item-object-custom menu-item-has-children menu-item-30348\"><a href=\"#\" class=\"elementor-item elementor-item-anchor\" tabindex=\"-1\">The Hotel<\/a>\n<ul class=\"sub-menu elementor-nav-menu--dropdown\">\n\t<li class=\"menu-item menu-item-type-post_type menu-item-object-page menu-item-31263\"><a href=\"https:\/\/alarze.ch\/team\/\" class=\"elementor-sub-item\" tabindex=\"-1\">Team<\/a><\/li>\n\t<li class=\"nd_options_new_label menu-item menu-item-type-post_type menu-item-object-page menu-item-28894\"><a href=\"https:\/\/alarze.ch\/pictures\/\" class=\"elementor-sub-item\" tabindex=\"-1\">Pictures<\/a><\/li>\n\t<li class=\"menu-item menu-item-type-post_type menu-item-object-page menu-item-28898\"><a href=\"https:\/\/alarze.ch\/virtual-tours\/\" class=\"elementor-sub-item\" tabindex=\"-1\">Virtual tours<\/a><\/li>\n\t<li class=\"menu-item menu-item-type-post_type menu-item-object-page menu-item-28915\"><a href=\"https:\/\/alarze.ch\/movies\/\" class=\"elementor-sub-item\" tabindex=\"-1\">Movies<\/a><\/li>\n<\/ul>\n<\/li>\n<li class=\"text-align-center menu-item menu-item-type-custom menu-item-object-custom menu-item-32053\"><a target=\"_blank\" href=\"https:\/\/uchale.ch\/en\" class=\"elementor-item\" tabindex=\"-1\">NEW<br>Chalet U CHAL\u00cb<\/a><\/li>\n<li class=\"nd_options_new_label menu-item menu-item-type-post_type menu-item-object-page menu-item-28924\"><a href=\"https:\/\/alarze.ch\/contact\/\" class=\"elementor-item\" tabindex=\"-1\">Contact<\/a><\/li>\n<\/ul>\t\t\t<\/nav>\n\t\t\t\t\t\t<\/div>\n\t\t\t\t<\/div>\n\t\t\t\t\t<\/div>\n\t\t<\/div>\n\t\t\t\t<div class=\"elementor-column elementor-col-25 elementor-top-column elementor-element elementor-element-1824499f\" data-id=\"1824499f\" data-element_type=\"column\">\n\t\t\t<div class=\"elementor-widget-wrap elementor-element-populated\">\n\t\t\t\t\t\t<div class=\"elementor-element elementor-element-5550774d elementor-align-right elementor-tablet-align-center elementor-invisible elementor-widget elementor-widget-button\" data-id=\"5550774d\" data-element_type=\"widget\" data-settings=\"{&quot;_animation&quot;:&quot;bounceIn&quot;,&quot;_animation_delay&quot;:&quot;1000&quot;}\" data-widget_type=\"button.default\">\n\t\t\t\t<div class=\"elementor-widget-container\">\n\t\t\t\t\t\t\t\t\t<div class=\"elementor-button-wrapper\">\n\t\t\t\t\t<a class=\"elementor-button elementor-button-link elementor-size-sm\" href=\"https:\/\/hotel-a-larze.amenitiz.io\/de\" target=\"_blank\">\n\t\t\t\t\t\t<span class=\"elementor-button-content-wrapper\">\n\t\t\t\t\t\t\t\t\t<span class=\"elementor-button-text\">BUCHEN SIE JETZT<\/span>\n\t\t\t\t\t<\/span>\n\t\t\t\t\t<\/a>\n\t\t\t\t<\/div>\n\t\t\t\t\t\t\t\t<\/div>\n\t\t\t\t<\/div>\n\t\t\t\t\t<\/div>\n\t\t<\/div>\n\t\t\t\t<div class=\"elementor-column elementor-col-25 elementor-top-column elementor-element elementor-element-2c39cea\" data-id=\"2c39cea\" data-element_type=\"column\">\n\t\t\t<div class=\"elementor-widget-wrap elementor-element-populated\">\n\t\t\t\t\t\t<div class=\"elementor-element elementor-element-a12863e elementor-widget elementor-widget-wpml-language-switcher\" data-id=\"a12863e\" data-element_type=\"widget\" id=\"top-lang-switcher\" data-widget_type=\"wpml-language-switcher.default\">\n\t\t\t\t<div class=\"elementor-widget-container\">\n\t\t\t\t\t<div class=\"wpml-elementor-ls\">\n<div\n\t class=\"wpml-ls-statics-shortcode_actions wpml-ls wpml-ls-legacy-dropdown js-wpml-ls-legacy-dropdown\">\n\t<ul>\n\n\t\t<li tabindex=\"0\" class=\"wpml-ls-slot-shortcode_actions wpml-ls-item wpml-ls-item-de wpml-ls-current-language wpml-ls-last-item wpml-ls-item-legacy-dropdown\">\n\t\t\t<a href=\"#\" class=\"js-wpml-ls-item-toggle wpml-ls-item-toggle\">\n                                                    <img decoding=\"async\"\n            class=\"wpml-ls-flag\"\n            src=\"https:\/\/alarze.ch\/wp-content\/plugins\/sitepress-multilingual-cms\/res\/flags\/de.png\"\n            alt=\"\"\n            width=18\n            height=12\n    \/><span class=\"wpml-ls-native\">Deutsch<\/span><\/a>\n\n\t\t\t<ul class=\"wpml-ls-sub-menu\">\n\t\t\t\t\n\t\t\t\t\t<li class=\"wpml-ls-slot-shortcode_actions wpml-ls-item wpml-ls-item-en wpml-ls-first-item\">\n\t\t\t\t\t\t<a href=\"https:\/\/alarze.ch\/\" class=\"wpml-ls-link\">\n                                                                <img decoding=\"async\"\n            class=\"wpml-ls-flag\"\n            src=\"https:\/\/alarze.ch\/wp-content\/plugins\/sitepress-multilingual-cms\/res\/flags\/en.png\"\n            alt=\"\"\n            width=18\n            height=12\n    \/><span class=\"wpml-ls-native\" lang=\"en\">English<\/span><\/a>\n\t\t\t\t\t<\/li>\n\n\t\t\t\t\n\t\t\t\t\t<li class=\"wpml-ls-slot-shortcode_actions wpml-ls-item wpml-ls-item-fr\">\n\t\t\t\t\t\t<a href=\"https:\/\/alarze.ch\/fr\/\" class=\"wpml-ls-link\">\n                                                                <img decoding=\"async\"\n            class=\"wpml-ls-flag\"\n            src=\"https:\/\/alarze.ch\/wp-content\/plugins\/sitepress-multilingual-cms\/res\/flags\/fr.png\"\n            alt=\"\"\n            width=18\n            height=12\n    \/><span class=\"wpml-ls-native\" lang=\"fr\">Fran\u00e7ais<\/span><\/a>\n\t\t\t\t\t<\/li>\n\n\t\t\t\t\t\t\t<\/ul>\n\n\t\t<\/li>\n\n\t<\/ul>\n<\/div>\n<\/div>\t\t\t\t<\/div>\n\t\t\t\t<\/div>\n\t\t\t\t\t<\/div>\n\t\t<\/div>\n\t\t\t\t\t<\/div>\n\t\t<\/section>\n\t\t\t\t<\/div>\n\t\t","protected":false},"excerpt":{"rendered":"<p>BUCHEN SIE JETZT English Fran\u00e7ais Deutsch<\/p>\n","protected":false},"author":1,"featured_media":0,"parent":0,"menu_order":0,"comment_status":"closed","ping_status":"closed","template":"","meta":{"footnotes":""},"class_list":["post-30144","page","type-page","status-publish","hentry"],"yoast_head":"<!-- This site is optimized with the Yoast SEO plugin v24.1 - https:\/\/yoast.com\/wordpress\/plugins\/seo\/ -->\n<title>Header - H\u00f4tel A L\u00e2rze<\/title>\n<meta name=\"robots\" content=\"index, follow, max-snippet:-1, max-image-preview:large, max-video-preview:-1\" \/>\n<link rel=\"canonical\" href=\"https:\/\/alarze.ch\/header\/\" \/>\n<meta property=\"og:locale\" content=\"de_DE\" \/>\n<meta property=\"og:type\" content=\"article\" \/>\n<meta property=\"og:title\" content=\"Header - H\u00f4tel A L\u00e2rze\" \/>\n<meta property=\"og:description\" content=\"BUCHEN SIE JETZT English Fran\u00e7ais Deutsch\" \/>\n<meta property=\"og:url\" content=\"https:\/\/alarze.ch\/header\/\" \/>\n<meta property=\"og:site_name\" content=\"H\u00f4tel A L\u00e2rze\" \/>\n<meta property=\"article:modified_time\" content=\"2024-10-31T12:59:20+00:00\" \/>\n<meta property=\"og:image\" content=\"https:\/\/alarze.ch\/wp-content\/uploads\/2022\/09\/a-larza.png\" \/>\n<meta name=\"twitter:card\" content=\"summary_large_image\" \/>\n<meta name=\"twitter:label1\" content=\"Gesch\u00e4tzte Lesezeit\" \/>\n\t<meta name=\"twitter:data1\" content=\"2\u00a0Minuten\" \/>\n<script type=\"application\/ld+json\" class=\"yoast-schema-graph\">{\"@context\":\"https:\/\/schema.org\",\"@graph\":[{\"@type\":\"WebPage\",\"@id\":\"https:\/\/alarze.ch\/header\/\",\"url\":\"https:\/\/alarze.ch\/header\/\",\"name\":\"Header - H\u00f4tel A L\u00e2rze\",\"isPartOf\":{\"@id\":\"https:\/\/alarze.ch\/#website\"},\"primaryImageOfPage\":{\"@id\":\"https:\/\/alarze.ch\/header\/#primaryimage\"},\"image\":{\"@id\":\"https:\/\/alarze.ch\/header\/#primaryimage\"},\"thumbnailUrl\":\"https:\/\/alarze.ch\/wp-content\/uploads\/2022\/09\/a-larza.png\",\"datePublished\":\"2021-11-12T10:41:28+00:00\",\"dateModified\":\"2024-10-31T12:59:20+00:00\",\"breadcrumb\":{\"@id\":\"https:\/\/alarze.ch\/header\/#breadcrumb\"},\"inLanguage\":\"de\",\"potentialAction\":[{\"@type\":\"ReadAction\",\"target\":[\"https:\/\/alarze.ch\/header\/\"]}]},{\"@type\":\"ImageObject\",\"inLanguage\":\"de\",\"@id\":\"https:\/\/alarze.ch\/header\/#primaryimage\",\"url\":\"https:\/\/alarze.ch\/wp-content\/uploads\/2022\/09\/a-larza.png\",\"contentUrl\":\"https:\/\/alarze.ch\/wp-content\/uploads\/2022\/09\/a-larza.png\"},{\"@type\":\"BreadcrumbList\",\"@id\":\"https:\/\/alarze.ch\/header\/#breadcrumb\",\"itemListElement\":[{\"@type\":\"ListItem\",\"position\":1,\"name\":\"Home\",\"item\":\"https:\/\/alarze.ch\/de\/heim\/\"},{\"@type\":\"ListItem\",\"position\":2,\"name\":\"Header\"}]},{\"@type\":\"WebSite\",\"@id\":\"https:\/\/alarze.ch\/#website\",\"url\":\"https:\/\/alarze.ch\/\",\"name\":\"H\u00f4tel A L\u00e2rze\",\"description\":\"Nouvel h\u00f4tel A L\u00e2rze au coeur du Val de Bagnes\",\"potentialAction\":[{\"@type\":\"SearchAction\",\"target\":{\"@type\":\"EntryPoint\",\"urlTemplate\":\"https:\/\/alarze.ch\/?s={search_term_string}\"},\"query-input\":{\"@type\":\"PropertyValueSpecification\",\"valueRequired\":true,\"valueName\":\"search_term_string\"}}],\"inLanguage\":\"de\"}]}<\/script>\n<!-- \/ Yoast SEO plugin. -->","yoast_head_json":{"title":"Header - H\u00f4tel A L\u00e2rze","robots":{"index":"index","follow":"follow","max-snippet":"max-snippet:-1","max-image-preview":"max-image-preview:large","max-video-preview":"max-video-preview:-1"},"canonical":"https:\/\/alarze.ch\/header\/","og_locale":"de_DE","og_type":"article","og_title":"Header - H\u00f4tel A L\u00e2rze","og_description":"BUCHEN SIE JETZT English Fran\u00e7ais Deutsch","og_url":"https:\/\/alarze.ch\/header\/","og_site_name":"H\u00f4tel A L\u00e2rze","article_modified_time":"2024-10-31T12:59:20+00:00","og_image":[{"url":"https:\/\/alarze.ch\/wp-content\/uploads\/2022\/09\/a-larza.png","type":"","width":"","height":""}],"twitter_card":"summary_large_image","twitter_misc":{"Gesch\u00e4tzte Lesezeit":"2\u00a0Minuten"},"schema":{"@context":"https:\/\/schema.org","@graph":[{"@type":"WebPage","@id":"https:\/\/alarze.ch\/header\/","url":"https:\/\/alarze.ch\/header\/","name":"Header - H\u00f4tel A L\u00e2rze","isPartOf":{"@id":"https:\/\/alarze.ch\/#website"},"primaryImageOfPage":{"@id":"https:\/\/alarze.ch\/header\/#primaryimage"},"image":{"@id":"https:\/\/alarze.ch\/header\/#primaryimage"},"thumbnailUrl":"https:\/\/alarze.ch\/wp-content\/uploads\/2022\/09\/a-larza.png","datePublished":"2021-11-12T10:41:28+00:00","dateModified":"2024-10-31T12:59:20+00:00","breadcrumb":{"@id":"https:\/\/alarze.ch\/header\/#breadcrumb"},"inLanguage":"de","potentialAction":[{"@type":"ReadAction","target":["https:\/\/alarze.ch\/header\/"]}]},{"@type":"ImageObject","inLanguage":"de","@id":"https:\/\/alarze.ch\/header\/#primaryimage","url":"https:\/\/alarze.ch\/wp-content\/uploads\/2022\/09\/a-larza.png","contentUrl":"https:\/\/alarze.ch\/wp-content\/uploads\/2022\/09\/a-larza.png"},{"@type":"BreadcrumbList","@id":"https:\/\/alarze.ch\/header\/#breadcrumb","itemListElement":[{"@type":"ListItem","position":1,"name":"Home","item":"https:\/\/alarze.ch\/de\/heim\/"},{"@type":"ListItem","position":2,"name":"Header"}]},{"@type":"WebSite","@id":"https:\/\/alarze.ch\/#website","url":"https:\/\/alarze.ch\/","name":"H\u00f4tel A L\u00e2rze","description":"Nouvel h\u00f4tel A L\u00e2rze au coeur du Val de Bagnes","potentialAction":[{"@type":"SearchAction","target":{"@type":"EntryPoint","urlTemplate":"https:\/\/alarze.ch\/?s={search_term_string}"},"query-input":{"@type":"PropertyValueSpecification","valueRequired":true,"valueName":"search_term_string"}}],"inLanguage":"de"}]}},"_links":{"self":[{"href":"https:\/\/alarze.ch\/de\/wp-json\/wp\/v2\/pages\/30144","targetHints":{"allow":["GET"]}}],"collection":[{"href":"https:\/\/alarze.ch\/de\/wp-json\/wp\/v2\/pages"}],"about":[{"href":"https:\/\/alarze.ch\/de\/wp-json\/wp\/v2\/types\/page"}],"author":[{"embeddable":true,"href":"https:\/\/alarze.ch\/de\/wp-json\/wp\/v2\/users\/1"}],"replies":[{"embeddable":true,"href":"https:\/\/alarze.ch\/de\/wp-json\/wp\/v2\/comments?post=30144"}],"version-history":[{"count":45,"href":"https:\/\/alarze.ch\/de\/wp-json\/wp\/v2\/pages\/30144\/revisions"}],"predecessor-version":[{"id":31927,"href":"https:\/\/alarze.ch\/de\/wp-json\/wp\/v2\/pages\/30144\/revisions\/31927"}],"wp:attachment":[{"href":"https:\/\/alarze.ch\/de\/wp-json\/wp\/v2\/media?parent=30144"}],"curies":[{"name":"wp","href":"https:\/\/api.w.org\/{rel}","templated":true}]}}