{"id":30147,"date":"2021-11-12T11:22:48","date_gmt":"2021-11-12T10:22:48","guid":{"rendered":"https:\/\/alarze.ch\/footer\/"},"modified":"2024-12-20T15:08:34","modified_gmt":"2024-12-20T14:08:34","slug":"footer","status":"publish","type":"page","link":"https:\/\/alarze.ch\/de\/footer\/","title":{"rendered":"Footer"},"content":{"rendered":"\t\t<div data-elementor-type=\"wp-page\" data-elementor-id=\"30147\" class=\"elementor elementor-30147 elementor-23\" data-elementor-post-type=\"page\">\n\t\t\t\t\t\t<section class=\"elementor-section elementor-top-section elementor-element elementor-element-3b9cb1ea elementor-section-stretched elementor-section-content-middle elementor-section-height-min-height elementor-hidden-desktop elementor-hidden-tablet elementor-hidden-mobile elementor-section-boxed elementor-section-height-default elementor-section-items-middle\" data-id=\"3b9cb1ea\" data-element_type=\"section\" data-settings=\"{&quot;stretch_section&quot;:&quot;section-stretched&quot;,&quot;background_background&quot;:&quot;classic&quot;}\">\n\t\t\t\t\t\t\t<div class=\"elementor-background-overlay\"><\/div>\n\t\t\t\t\t\t\t<div class=\"elementor-container elementor-column-gap-default\">\n\t\t\t\t\t<div class=\"elementor-column elementor-col-16 elementor-top-column elementor-element elementor-element-6ffd3ae4\" data-id=\"6ffd3ae4\" data-element_type=\"column\">\n\t\t\t<div class=\"elementor-widget-wrap elementor-element-populated\">\n\t\t\t\t\t\t<div class=\"elementor-element elementor-element-68420ba8 elementor-widget elementor-widget-heading\" data-id=\"68420ba8\" data-element_type=\"widget\" data-widget_type=\"heading.default\">\n\t\t\t\t<div class=\"elementor-widget-container\">\n\t\t\t\t\t<h5 class=\"elementor-heading-title elementor-size-default\"><a href=\"https:\/\/hotel-a-larze.amenitiz.io\/de\" target=\"_blank\">Reservieren Sie jetzt ein Zimmer<\/a><\/h5>\t\t\t\t<\/div>\n\t\t\t\t<\/div>\n\t\t\t\t\t<\/div>\n\t\t<\/div>\n\t\t\t\t<div class=\"elementor-column elementor-col-66 elementor-top-column elementor-element elementor-element-7f3e2243\" data-id=\"7f3e2243\" data-element_type=\"column\">\n\t\t\t<div class=\"elementor-widget-wrap elementor-element-populated\">\n\t\t\t\t\t\t<div class=\"elementor-element elementor-element-3a2beb4a elementor-widget elementor-widget-image\" data-id=\"3a2beb4a\" data-element_type=\"widget\" data-widget_type=\"image.default\">\n\t\t\t\t<div class=\"elementor-widget-container\">\n\t\t\t\t\t\t\t\t\t\t\t\t\t\t\t<img fetchpriority=\"high\" decoding=\"async\" width=\"337\" height=\"337\" src=\"https:\/\/alarze.ch\/wp-content\/uploads\/2021\/11\/icon-7.png\" class=\"attachment-large size-large wp-image-29169\" alt=\"\" srcset=\"https:\/\/alarze.ch\/wp-content\/uploads\/2021\/11\/icon-7.png 337w, https:\/\/alarze.ch\/wp-content\/uploads\/2021\/11\/icon-7-300x300.png 300w, https:\/\/alarze.ch\/wp-content\/uploads\/2021\/11\/icon-7-100x100.png 100w, https:\/\/alarze.ch\/wp-content\/uploads\/2021\/11\/icon-7-150x150.png 150w\" sizes=\"(max-width: 337px) 100vw, 337px\" \/>\t\t\t\t\t\t\t\t\t\t\t\t\t\t\t<\/div>\n\t\t\t\t<\/div>\n\t\t\t\t\t<\/div>\n\t\t<\/div>\n\t\t\t\t<div class=\"elementor-column elementor-col-16 elementor-top-column elementor-element elementor-element-27e7a97a\" data-id=\"27e7a97a\" data-element_type=\"column\">\n\t\t\t<div class=\"elementor-widget-wrap elementor-element-populated\">\n\t\t\t\t\t\t<div class=\"elementor-element elementor-element-6e16a158 elementor-widget elementor-widget-heading\" data-id=\"6e16a158\" data-element_type=\"widget\" data-widget_type=\"heading.default\">\n\t\t\t\t<div class=\"elementor-widget-container\">\n\t\t\t\t\t<h5 class=\"elementor-heading-title elementor-size-default\"><a href=\"tel:+41%2027%20776%2017%2010\">Direktwahl +41 27 776 17 10<\/a><\/h5>\t\t\t\t<\/div>\n\t\t\t\t<\/div>\n\t\t\t\t\t<\/div>\n\t\t<\/div>\n\t\t\t\t\t<\/div>\n\t\t<\/section>\n\t\t\t\t<section class=\"elementor-section elementor-top-section elementor-element elementor-element-d64ce8b elementor-section-stretched elementor-section-boxed elementor-section-height-default elementor-section-height-default\" data-id=\"d64ce8b\" data-element_type=\"section\" data-settings=\"{&quot;stretch_section&quot;:&quot;section-stretched&quot;,&quot;background_background&quot;:&quot;classic&quot;}\">\n\t\t\t\t\t\t<div class=\"elementor-container elementor-column-gap-default\">\n\t\t\t\t\t<div class=\"elementor-column elementor-col-33 elementor-top-column elementor-element elementor-element-785e4fe\" data-id=\"785e4fe\" data-element_type=\"column\">\n\t\t\t<div class=\"elementor-widget-wrap elementor-element-populated\">\n\t\t\t\t\t\t<div class=\"elementor-element elementor-element-7f57c5a elementor-widget elementor-widget-heading\" data-id=\"7f57c5a\" data-element_type=\"widget\" data-widget_type=\"heading.default\">\n\t\t\t\t<div class=\"elementor-widget-container\">\n\t\t\t\t\t<h4 class=\"elementor-heading-title elementor-size-default\">H\u00f4tel A Larze<\/h4>\t\t\t\t<\/div>\n\t\t\t\t<\/div>\n\t\t\t\t<div class=\"elementor-element elementor-element-461b5a8 elementor-widget elementor-widget-heading\" data-id=\"461b5a8\" data-element_type=\"widget\" data-widget_type=\"heading.default\">\n\t\t\t\t<div class=\"elementor-widget-container\">\n\t\t\t\t\t<p class=\"elementor-heading-title elementor-size-default\">Route de Corberaye 32 <\/br> CH-1934 Le Ch\u00e2ble <br> Switzerland<\/p>\t\t\t\t<\/div>\n\t\t\t\t<\/div>\n\t\t\t\t<div class=\"elementor-element elementor-element-dbde80d elementor-widget elementor-widget-heading\" data-id=\"dbde80d\" data-element_type=\"widget\" data-widget_type=\"heading.default\">\n\t\t\t\t<div class=\"elementor-widget-container\">\n\t\t\t\t\t<p class=\"elementor-heading-title elementor-size-default\"><a href=\"tel:0041277761710\">+41 27 776 17 10<\/a><\/p>\t\t\t\t<\/div>\n\t\t\t\t<\/div>\n\t\t\t\t\t<\/div>\n\t\t<\/div>\n\t\t\t\t<div class=\"elementor-column elementor-col-33 elementor-top-column elementor-element elementor-element-e8f32ba\" data-id=\"e8f32ba\" data-element_type=\"column\">\n\t\t\t<div class=\"elementor-widget-wrap elementor-element-populated\">\n\t\t\t\t\t\t<div class=\"elementor-element elementor-element-7a2c23a elementor-widget elementor-widget-image\" data-id=\"7a2c23a\" data-element_type=\"widget\" data-widget_type=\"image.default\">\n\t\t\t\t<div class=\"elementor-widget-container\">\n\t\t\t\t\t\t\t\t\t\t\t\t\t\t\t<img decoding=\"async\" width=\"800\" height=\"272\" src=\"https:\/\/alarze.ch\/wp-content\/uploads\/2022\/09\/a-larza.png\" class=\"attachment-large size-large wp-image-29735\" alt=\"\" srcset=\"https:\/\/alarze.ch\/wp-content\/uploads\/2022\/09\/a-larza.png 800w, https:\/\/alarze.ch\/wp-content\/uploads\/2022\/09\/a-larza-600x204.png 600w, https:\/\/alarze.ch\/wp-content\/uploads\/2022\/09\/a-larza-300x102.png 300w, https:\/\/alarze.ch\/wp-content\/uploads\/2022\/09\/a-larza-768x261.png 768w\" sizes=\"(max-width: 800px) 100vw, 800px\" \/>\t\t\t\t\t\t\t\t\t\t\t\t\t\t\t<\/div>\n\t\t\t\t<\/div>\n\t\t\t\t<div class=\"elementor-element elementor-element-9741360 elementor-shape-square elementor-grid-0 e-grid-align-center elementor-widget elementor-widget-social-icons\" data-id=\"9741360\" data-element_type=\"widget\" data-widget_type=\"social-icons.default\">\n\t\t\t\t<div class=\"elementor-widget-container\">\n\t\t\t\t\t\t\t<div class=\"elementor-social-icons-wrapper elementor-grid\">\n\t\t\t\t\t\t\t<span class=\"elementor-grid-item\">\n\t\t\t\t\t<a class=\"elementor-icon elementor-social-icon elementor-social-icon-facebook elementor-repeater-item-1b4e7ba\" href=\"https:\/\/www.facebook.com\/HotelAlarzeValdeBagnes\/\" target=\"_blank\">\n\t\t\t\t\t\t<span class=\"elementor-screen-only\">Facebook<\/span>\n\t\t\t\t\t\t<i class=\"fab fa-facebook\"><\/i>\t\t\t\t\t<\/a>\n\t\t\t\t<\/span>\n\t\t\t\t\t\t\t<span class=\"elementor-grid-item\">\n\t\t\t\t\t<a class=\"elementor-icon elementor-social-icon elementor-social-icon-instagram elementor-repeater-item-e0592b8\" href=\"https:\/\/instagram.com\/alarze_hotel_bagnes\/\" target=\"_blank\">\n\t\t\t\t\t\t<span class=\"elementor-screen-only\">Instagram<\/span>\n\t\t\t\t\t\t<i class=\"fab fa-instagram\"><\/i>\t\t\t\t\t<\/a>\n\t\t\t\t<\/span>\n\t\t\t\t\t<\/div>\n\t\t\t\t\t\t<\/div>\n\t\t\t\t<\/div>\n\t\t\t\t\t<\/div>\n\t\t<\/div>\n\t\t\t\t<div class=\"elementor-column elementor-col-33 elementor-top-column elementor-element elementor-element-749cbb3\" data-id=\"749cbb3\" data-element_type=\"column\">\n\t\t\t<div class=\"elementor-widget-wrap elementor-element-populated\">\n\t\t\t\t\t\t<div class=\"elementor-element elementor-element-ecc9361 elementor-widget elementor-widget-heading\" data-id=\"ecc9361\" data-element_type=\"widget\" data-widget_type=\"heading.default\">\n\t\t\t\t<div class=\"elementor-widget-container\">\n\t\t\t\t\t<h4 class=\"elementor-heading-title elementor-size-default\">\u00d6ffnungszeiten der Rezeption<\/h4>\t\t\t\t<\/div>\n\t\t\t\t<\/div>\n\t\t\t\t<div class=\"elementor-element elementor-element-8f297a2 elementor-widget elementor-widget-heading\" data-id=\"8f297a2\" data-element_type=\"widget\" data-widget_type=\"heading.default\">\n\t\t\t\t<div class=\"elementor-widget-container\">\n\t\t\t\t\t<p class=\"elementor-heading-title elementor-size-default\">07:30 - 11:00 <br> 16:30 - 18:30<\/p>\t\t\t\t<\/div>\n\t\t\t\t<\/div>\n\t\t\t\t\t<\/div>\n\t\t<\/div>\n\t\t\t\t\t<\/div>\n\t\t<\/section>\n\t\t\t\t<section class=\"elementor-section elementor-top-section elementor-element elementor-element-f348607 elementor-section-stretched elementor-section-boxed elementor-section-height-default elementor-section-height-default\" data-id=\"f348607\" data-element_type=\"section\" data-settings=\"{&quot;stretch_section&quot;:&quot;section-stretched&quot;,&quot;background_background&quot;:&quot;classic&quot;}\">\n\t\t\t\t\t\t<div class=\"elementor-container elementor-column-gap-default\">\n\t\t\t\t\t<div class=\"elementor-column elementor-col-50 elementor-top-column elementor-element elementor-element-889da18\" data-id=\"889da18\" data-element_type=\"column\">\n\t\t\t<div class=\"elementor-widget-wrap elementor-element-populated\">\n\t\t\t\t\t\t<div class=\"elementor-element elementor-element-7b08c3e elementor-tablet-align-center elementor-icon-list--layout-traditional elementor-list-item-link-full_width elementor-widget elementor-widget-icon-list\" data-id=\"7b08c3e\" data-element_type=\"widget\" data-widget_type=\"icon-list.default\">\n\t\t\t\t<div class=\"elementor-widget-container\">\n\t\t\t\t\t\t\t<ul class=\"elementor-icon-list-items\">\n\t\t\t\t\t\t\t<li class=\"elementor-icon-list-item\">\n\t\t\t\t\t\t\t\t\t\t\t<span class=\"elementor-icon-list-icon\">\n\t\t\t\t\t\t\t<i aria-hidden=\"true\" class=\"far fa-copyright\"><\/i>\t\t\t\t\t\t<\/span>\n\t\t\t\t\t\t\t\t\t\t<span class=\"elementor-icon-list-text\">Copyright 2024 - H\u00f4tel A L\u00e2rze | By <a href=\"https:\/\/abclic.ch\" target=\"_blank\">ABclic<\/a> &amp; <a href=\"https:\/\/valdev.ch\" target=\"_blank\">Valdev<\/a><\/span>\n\t\t\t\t\t\t\t\t\t<\/li>\n\t\t\t\t\t\t<\/ul>\n\t\t\t\t\t\t<\/div>\n\t\t\t\t<\/div>\n\t\t\t\t\t<\/div>\n\t\t<\/div>\n\t\t\t\t<div class=\"elementor-column elementor-col-50 elementor-top-column elementor-element elementor-element-c95489e\" data-id=\"c95489e\" data-element_type=\"column\">\n\t\t\t<div class=\"elementor-widget-wrap elementor-element-populated\">\n\t\t\t\t\t\t<div class=\"elementor-element elementor-element-8ca1e2c elementor-icon-list--layout-inline elementor-align-right elementor-tablet-align-center elementor-list-item-link-full_width elementor-widget elementor-widget-icon-list\" data-id=\"8ca1e2c\" data-element_type=\"widget\" data-widget_type=\"icon-list.default\">\n\t\t\t\t<div class=\"elementor-widget-container\">\n\t\t\t\t\t\t\t<ul class=\"elementor-icon-list-items elementor-inline-items\">\n\t\t\t\t\t\t\t<li class=\"elementor-icon-list-item elementor-inline-item\">\n\t\t\t\t\t\t\t\t\t\t\t<a href=\"mailto:info@alarze.ch\">\n\n\t\t\t\t\t\t\t\t\t\t\t\t<span class=\"elementor-icon-list-icon\">\n\t\t\t\t\t\t\t<i aria-hidden=\"true\" class=\"far fa-envelope\"><\/i>\t\t\t\t\t\t<\/span>\n\t\t\t\t\t\t\t\t\t\t<span class=\"elementor-icon-list-text\">info@alarze.ch<\/span>\n\t\t\t\t\t\t\t\t\t\t\t<\/a>\n\t\t\t\t\t\t\t\t\t<\/li>\n\t\t\t\t\t\t<\/ul>\n\t\t\t\t\t\t<\/div>\n\t\t\t\t<\/div>\n\t\t\t\t\t<\/div>\n\t\t<\/div>\n\t\t\t\t\t<\/div>\n\t\t<\/section>\n\t\t\t\t<\/div>\n\t\t","protected":false},"excerpt":{"rendered":"<p>Reservieren Sie jetzt ein Zimmer Direktwahl +41 27 776 17 10 H\u00f4tel A Larze Route de Corberaye 32 CH-1934 Le Ch\u00e2ble Switzerland +41 27 776 17 10 Facebook Instagram \u00d6ffnungszeiten der Rezeption 07:30 &#8211; 11:00 16:30 &#8211; 18:30 Copyright 2024 &#8211; H\u00f4tel A L\u00e2rze | By ABclic &amp; Valdev info@alarze.ch<\/p>\n","protected":false},"author":1,"featured_media":0,"parent":0,"menu_order":0,"comment_status":"closed","ping_status":"closed","template":"","meta":{"footnotes":""},"class_list":["post-30147","page","type-page","status-publish","hentry"],"yoast_head":"<!-- This site is optimized with the Yoast SEO plugin v24.1 - https:\/\/yoast.com\/wordpress\/plugins\/seo\/ -->\n<title>Footer - H\u00f4tel A L\u00e2rze<\/title>\n<meta name=\"robots\" content=\"index, follow, max-snippet:-1, max-image-preview:large, max-video-preview:-1\" \/>\n<link rel=\"canonical\" href=\"https:\/\/alarze.ch\/footer-2\/\" \/>\n<meta property=\"og:locale\" content=\"de_DE\" \/>\n<meta property=\"og:type\" content=\"article\" \/>\n<meta property=\"og:title\" content=\"Footer - H\u00f4tel A L\u00e2rze\" \/>\n<meta property=\"og:description\" content=\"Reservieren Sie jetzt ein Zimmer Direktwahl +41 27 776 17 10 H\u00f4tel A Larze Route de Corberaye 32 CH-1934 Le Ch\u00e2ble Switzerland +41 27 776 17 10 Facebook Instagram \u00d6ffnungszeiten der Rezeption 07:30 &#8211; 11:00 16:30 &#8211; 18:30 Copyright 2024 &#8211; H\u00f4tel A L\u00e2rze | By ABclic &amp; Valdev info@alarze.ch\" \/>\n<meta property=\"og:url\" content=\"https:\/\/alarze.ch\/footer-2\/\" \/>\n<meta property=\"og:site_name\" content=\"H\u00f4tel A L\u00e2rze\" \/>\n<meta property=\"article:modified_time\" content=\"2024-12-20T14:08:34+00:00\" \/>\n<meta property=\"og:image\" content=\"https:\/\/alarze.ch\/wp-content\/uploads\/2021\/11\/icon-7.png\" \/>\n\t<meta property=\"og:image:width\" content=\"337\" \/>\n\t<meta property=\"og:image:height\" content=\"337\" \/>\n\t<meta property=\"og:image:type\" content=\"image\/png\" \/>\n<meta name=\"twitter:card\" content=\"summary_large_image\" \/>\n<script type=\"application\/ld+json\" class=\"yoast-schema-graph\">{\"@context\":\"https:\/\/schema.org\",\"@graph\":[{\"@type\":\"WebPage\",\"@id\":\"https:\/\/alarze.ch\/footer-2\/\",\"url\":\"https:\/\/alarze.ch\/footer-2\/\",\"name\":\"Footer - H\u00f4tel A L\u00e2rze\",\"isPartOf\":{\"@id\":\"https:\/\/alarze.ch\/#website\"},\"primaryImageOfPage\":{\"@id\":\"https:\/\/alarze.ch\/footer-2\/#primaryimage\"},\"image\":{\"@id\":\"https:\/\/alarze.ch\/footer-2\/#primaryimage\"},\"thumbnailUrl\":\"https:\/\/alarze.ch\/wp-content\/uploads\/2021\/11\/icon-7.png\",\"datePublished\":\"2021-11-12T10:22:48+00:00\",\"dateModified\":\"2024-12-20T14:08:34+00:00\",\"breadcrumb\":{\"@id\":\"https:\/\/alarze.ch\/footer-2\/#breadcrumb\"},\"inLanguage\":\"de\",\"potentialAction\":[{\"@type\":\"ReadAction\",\"target\":[\"https:\/\/alarze.ch\/footer-2\/\"]}]},{\"@type\":\"ImageObject\",\"inLanguage\":\"de\",\"@id\":\"https:\/\/alarze.ch\/footer-2\/#primaryimage\",\"url\":\"https:\/\/alarze.ch\/wp-content\/uploads\/2021\/11\/icon-7.png\",\"contentUrl\":\"https:\/\/alarze.ch\/wp-content\/uploads\/2021\/11\/icon-7.png\"},{\"@type\":\"BreadcrumbList\",\"@id\":\"https:\/\/alarze.ch\/footer-2\/#breadcrumb\",\"itemListElement\":[{\"@type\":\"ListItem\",\"position\":1,\"name\":\"Home\",\"item\":\"https:\/\/alarze.ch\/de\/heim\/\"},{\"@type\":\"ListItem\",\"position\":2,\"name\":\"Footer\"}]},{\"@type\":\"WebSite\",\"@id\":\"https:\/\/alarze.ch\/#website\",\"url\":\"https:\/\/alarze.ch\/\",\"name\":\"H\u00f4tel A L\u00e2rze\",\"description\":\"Nouvel h\u00f4tel A L\u00e2rze au coeur du Val de Bagnes\",\"potentialAction\":[{\"@type\":\"SearchAction\",\"target\":{\"@type\":\"EntryPoint\",\"urlTemplate\":\"https:\/\/alarze.ch\/?s={search_term_string}\"},\"query-input\":{\"@type\":\"PropertyValueSpecification\",\"valueRequired\":true,\"valueName\":\"search_term_string\"}}],\"inLanguage\":\"de\"}]}<\/script>\n<!-- \/ Yoast SEO plugin. -->","yoast_head_json":{"title":"Footer - H\u00f4tel A L\u00e2rze","robots":{"index":"index","follow":"follow","max-snippet":"max-snippet:-1","max-image-preview":"max-image-preview:large","max-video-preview":"max-video-preview:-1"},"canonical":"https:\/\/alarze.ch\/footer-2\/","og_locale":"de_DE","og_type":"article","og_title":"Footer - H\u00f4tel A L\u00e2rze","og_description":"Reservieren Sie jetzt ein Zimmer Direktwahl +41 27 776 17 10 H\u00f4tel A Larze Route de Corberaye 32 CH-1934 Le Ch\u00e2ble Switzerland +41 27 776 17 10 Facebook Instagram \u00d6ffnungszeiten der Rezeption 07:30 &#8211; 11:00 16:30 &#8211; 18:30 Copyright 2024 &#8211; H\u00f4tel A L\u00e2rze | By ABclic &amp; Valdev info@alarze.ch","og_url":"https:\/\/alarze.ch\/footer-2\/","og_site_name":"H\u00f4tel A L\u00e2rze","article_modified_time":"2024-12-20T14:08:34+00:00","og_image":[{"width":337,"height":337,"url":"https:\/\/alarze.ch\/wp-content\/uploads\/2021\/11\/icon-7.png","type":"image\/png"}],"twitter_card":"summary_large_image","schema":{"@context":"https:\/\/schema.org","@graph":[{"@type":"WebPage","@id":"https:\/\/alarze.ch\/footer-2\/","url":"https:\/\/alarze.ch\/footer-2\/","name":"Footer - H\u00f4tel A L\u00e2rze","isPartOf":{"@id":"https:\/\/alarze.ch\/#website"},"primaryImageOfPage":{"@id":"https:\/\/alarze.ch\/footer-2\/#primaryimage"},"image":{"@id":"https:\/\/alarze.ch\/footer-2\/#primaryimage"},"thumbnailUrl":"https:\/\/alarze.ch\/wp-content\/uploads\/2021\/11\/icon-7.png","datePublished":"2021-11-12T10:22:48+00:00","dateModified":"2024-12-20T14:08:34+00:00","breadcrumb":{"@id":"https:\/\/alarze.ch\/footer-2\/#breadcrumb"},"inLanguage":"de","potentialAction":[{"@type":"ReadAction","target":["https:\/\/alarze.ch\/footer-2\/"]}]},{"@type":"ImageObject","inLanguage":"de","@id":"https:\/\/alarze.ch\/footer-2\/#primaryimage","url":"https:\/\/alarze.ch\/wp-content\/uploads\/2021\/11\/icon-7.png","contentUrl":"https:\/\/alarze.ch\/wp-content\/uploads\/2021\/11\/icon-7.png"},{"@type":"BreadcrumbList","@id":"https:\/\/alarze.ch\/footer-2\/#breadcrumb","itemListElement":[{"@type":"ListItem","position":1,"name":"Home","item":"https:\/\/alarze.ch\/de\/heim\/"},{"@type":"ListItem","position":2,"name":"Footer"}]},{"@type":"WebSite","@id":"https:\/\/alarze.ch\/#website","url":"https:\/\/alarze.ch\/","name":"H\u00f4tel A L\u00e2rze","description":"Nouvel h\u00f4tel A L\u00e2rze au coeur du Val de Bagnes","potentialAction":[{"@type":"SearchAction","target":{"@type":"EntryPoint","urlTemplate":"https:\/\/alarze.ch\/?s={search_term_string}"},"query-input":{"@type":"PropertyValueSpecification","valueRequired":true,"valueName":"search_term_string"}}],"inLanguage":"de"}]}},"_links":{"self":[{"href":"https:\/\/alarze.ch\/de\/wp-json\/wp\/v2\/pages\/30147","targetHints":{"allow":["GET"]}}],"collection":[{"href":"https:\/\/alarze.ch\/de\/wp-json\/wp\/v2\/pages"}],"about":[{"href":"https:\/\/alarze.ch\/de\/wp-json\/wp\/v2\/types\/page"}],"author":[{"embeddable":true,"href":"https:\/\/alarze.ch\/de\/wp-json\/wp\/v2\/users\/1"}],"replies":[{"embeddable":true,"href":"https:\/\/alarze.ch\/de\/wp-json\/wp\/v2\/comments?post=30147"}],"version-history":[{"count":11,"href":"https:\/\/alarze.ch\/de\/wp-json\/wp\/v2\/pages\/30147\/revisions"}],"predecessor-version":[{"id":32076,"href":"https:\/\/alarze.ch\/de\/wp-json\/wp\/v2\/pages\/30147\/revisions\/32076"}],"wp:attachment":[{"href":"https:\/\/alarze.ch\/de\/wp-json\/wp\/v2\/media?parent=30147"}],"curies":[{"name":"wp","href":"https:\/\/api.w.org\/{rel}","templated":true}]}}