{"id":30151,"date":"2021-05-10T10:16:32","date_gmt":"2021-05-10T08:16:32","guid":{"rendered":"https:\/\/alarze.ch\/filme\/"},"modified":"2024-01-10T16:11:03","modified_gmt":"2024-01-10T15:11:03","slug":"filme","status":"publish","type":"page","link":"https:\/\/alarze.ch\/de\/filme\/","title":{"rendered":"Filme"},"content":{"rendered":"\t\t<div data-elementor-type=\"wp-page\" data-elementor-id=\"30151\" class=\"elementor elementor-30151 elementor-1717\" data-elementor-post-type=\"page\">\n\t\t\t\t\t\t<section class=\"elementor-section elementor-top-section elementor-element elementor-element-f3be93c elementor-section-stretched elementor-section-content-middle elementor-section-boxed elementor-section-height-default elementor-section-height-default\" data-id=\"f3be93c\" data-element_type=\"section\" data-settings=\"{&quot;stretch_section&quot;:&quot;section-stretched&quot;,&quot;background_background&quot;:&quot;classic&quot;}\">\n\t\t\t\t\t\t\t<div class=\"elementor-background-overlay\"><\/div>\n\t\t\t\t\t\t\t<div class=\"elementor-container elementor-column-gap-default\">\n\t\t\t\t\t<div class=\"elementor-column elementor-col-100 elementor-top-column elementor-element elementor-element-c50f8ac\" data-id=\"c50f8ac\" data-element_type=\"column\">\n\t\t\t<div class=\"elementor-widget-wrap elementor-element-populated\">\n\t\t\t\t\t\t<div class=\"elementor-element elementor-element-2b2bce58 elementor-widget elementor-widget-heading\" data-id=\"2b2bce58\" data-element_type=\"widget\" data-widget_type=\"heading.default\">\n\t\t\t\t<div class=\"elementor-widget-container\">\n\t\t\t\t\t<h1 class=\"elementor-heading-title elementor-size-default\">Filme<\/h1>\t\t\t\t<\/div>\n\t\t\t\t<\/div>\n\t\t\t\t\t<\/div>\n\t\t<\/div>\n\t\t\t\t\t<\/div>\n\t\t<\/section>\n\t\t\t\t<section class=\"elementor-section elementor-top-section elementor-element elementor-element-0a3422b elementor-section-boxed elementor-section-height-default elementor-section-height-default\" data-id=\"0a3422b\" data-element_type=\"section\">\n\t\t\t\t\t\t<div class=\"elementor-container elementor-column-gap-default\">\n\t\t\t\t\t<div class=\"elementor-column elementor-col-100 elementor-top-column elementor-element elementor-element-71f56e4\" data-id=\"71f56e4\" data-element_type=\"column\">\n\t\t\t<div class=\"elementor-widget-wrap elementor-element-populated\">\n\t\t\t\t\t\t<div class=\"elementor-element elementor-element-02c0da3 elementor-widget__width-auto elementor-widget elementor-widget-heading\" data-id=\"02c0da3\" data-element_type=\"widget\" data-widget_type=\"heading.default\">\n\t\t\t\t<div class=\"elementor-widget-container\">\n\t\t\t\t\t<h2 class=\"elementor-heading-title elementor-size-default\">was bedeudet a l\u00e2rze? <\/h2>\t\t\t\t<\/div>\n\t\t\t\t<\/div>\n\t\t\t\t<section class=\"elementor-section elementor-inner-section elementor-element elementor-element-bdb97ee elementor-section-boxed elementor-section-height-default elementor-section-height-default\" data-id=\"bdb97ee\" data-element_type=\"section\">\n\t\t\t\t\t\t<div class=\"elementor-container elementor-column-gap-default\">\n\t\t\t\t\t<div class=\"elementor-column elementor-col-50 elementor-inner-column elementor-element elementor-element-b3cab41\" data-id=\"b3cab41\" data-element_type=\"column\">\n\t\t\t<div class=\"elementor-widget-wrap elementor-element-populated\">\n\t\t\t\t\t\t<div class=\"elementor-element elementor-element-a42b659 elementor-widget elementor-widget-video\" data-id=\"a42b659\" data-element_type=\"widget\" data-settings=\"{&quot;youtube_url&quot;:&quot;https:\\\/\\\/youtu.be\\\/mgojrMuzhu4&quot;,&quot;video_type&quot;:&quot;youtube&quot;,&quot;controls&quot;:&quot;yes&quot;}\" data-widget_type=\"video.default\">\n\t\t\t\t<div class=\"elementor-widget-container\">\n\t\t\t\t\t\t\t<div class=\"elementor-wrapper elementor-open-inline\">\n\t\t\t<div class=\"elementor-video\"><\/div>\t\t<\/div>\n\t\t\t\t\t\t<\/div>\n\t\t\t\t<\/div>\n\t\t\t\t\t<\/div>\n\t\t<\/div>\n\t\t\t\t<div class=\"elementor-column elementor-col-50 elementor-inner-column elementor-element elementor-element-c11af74\" data-id=\"c11af74\" data-element_type=\"column\">\n\t\t\t<div class=\"elementor-widget-wrap\">\n\t\t\t\t\t\t\t<\/div>\n\t\t<\/div>\n\t\t\t\t\t<\/div>\n\t\t<\/section>\n\t\t\t\t\t<\/div>\n\t\t<\/div>\n\t\t\t\t\t<\/div>\n\t\t<\/section>\n\t\t\t\t<section class=\"elementor-section elementor-top-section elementor-element elementor-element-3a21a74 elementor-section-boxed elementor-section-height-default elementor-section-height-default\" data-id=\"3a21a74\" data-element_type=\"section\">\n\t\t\t\t\t\t<div class=\"elementor-container elementor-column-gap-default\">\n\t\t\t\t\t<div class=\"elementor-column elementor-col-100 elementor-top-column elementor-element elementor-element-7431989\" data-id=\"7431989\" data-element_type=\"column\">\n\t\t\t<div class=\"elementor-widget-wrap elementor-element-populated\">\n\t\t\t\t\t\t<div class=\"elementor-element elementor-element-5f9a35d elementor-widget__width-auto elementor-widget elementor-widget-heading\" data-id=\"5f9a35d\" data-element_type=\"widget\" data-widget_type=\"heading.default\">\n\t\t\t\t<div class=\"elementor-widget-container\">\n\t\t\t\t\t<h2 class=\"elementor-heading-title elementor-size-default\">A L\u00e2rze Hotel video <\/h2>\t\t\t\t<\/div>\n\t\t\t\t<\/div>\n\t\t\t\t<section class=\"elementor-section elementor-inner-section elementor-element elementor-element-55eab3b elementor-section-boxed elementor-section-height-default elementor-section-height-default\" data-id=\"55eab3b\" data-element_type=\"section\">\n\t\t\t\t\t\t<div class=\"elementor-container elementor-column-gap-default\">\n\t\t\t\t\t<div class=\"elementor-column elementor-col-50 elementor-inner-column elementor-element elementor-element-df2dd2f\" data-id=\"df2dd2f\" data-element_type=\"column\">\n\t\t\t<div class=\"elementor-widget-wrap elementor-element-populated\">\n\t\t\t\t\t\t<div class=\"elementor-element elementor-element-b0c0b2f elementor-widget elementor-widget-video\" data-id=\"b0c0b2f\" data-element_type=\"widget\" data-settings=\"{&quot;youtube_url&quot;:&quot;https:\\\/\\\/youtu.be\\\/5Oit6ERbc6k&quot;,&quot;video_type&quot;:&quot;youtube&quot;,&quot;controls&quot;:&quot;yes&quot;}\" data-widget_type=\"video.default\">\n\t\t\t\t<div class=\"elementor-widget-container\">\n\t\t\t\t\t\t\t<div class=\"elementor-wrapper elementor-open-inline\">\n\t\t\t<div class=\"elementor-video\"><\/div>\t\t<\/div>\n\t\t\t\t\t\t<\/div>\n\t\t\t\t<\/div>\n\t\t\t\t\t<\/div>\n\t\t<\/div>\n\t\t\t\t<div class=\"elementor-column elementor-col-50 elementor-inner-column elementor-element elementor-element-f3f31fc\" data-id=\"f3f31fc\" data-element_type=\"column\">\n\t\t\t<div class=\"elementor-widget-wrap elementor-element-populated\">\n\t\t\t\t\t\t<div class=\"elementor-element elementor-element-dfecaba elementor-widget elementor-widget-video\" data-id=\"dfecaba\" data-element_type=\"widget\" data-settings=\"{&quot;youtube_url&quot;:&quot;https:\\\/\\\/youtu.be\\\/r7uP0NrNm6g&quot;,&quot;video_type&quot;:&quot;youtube&quot;,&quot;controls&quot;:&quot;yes&quot;}\" data-widget_type=\"video.default\">\n\t\t\t\t<div class=\"elementor-widget-container\">\n\t\t\t\t\t\t\t<div class=\"elementor-wrapper elementor-open-inline\">\n\t\t\t<div class=\"elementor-video\"><\/div>\t\t<\/div>\n\t\t\t\t\t\t<\/div>\n\t\t\t\t<\/div>\n\t\t\t\t\t<\/div>\n\t\t<\/div>\n\t\t\t\t\t<\/div>\n\t\t<\/section>\n\t\t\t\t\t<\/div>\n\t\t<\/div>\n\t\t\t\t\t<\/div>\n\t\t<\/section>\n\t\t\t\t<section class=\"elementor-section elementor-top-section elementor-element elementor-element-9d5968a elementor-section-boxed elementor-section-height-default elementor-section-height-default\" data-id=\"9d5968a\" data-element_type=\"section\">\n\t\t\t\t\t\t<div class=\"elementor-container elementor-column-gap-default\">\n\t\t\t\t\t<div class=\"elementor-column elementor-col-100 elementor-top-column elementor-element elementor-element-6c047ae\" data-id=\"6c047ae\" data-element_type=\"column\">\n\t\t\t<div class=\"elementor-widget-wrap elementor-element-populated\">\n\t\t\t\t\t\t<div class=\"elementor-element elementor-element-979d17b elementor-widget__width-auto elementor-widget elementor-widget-heading\" data-id=\"979d17b\" data-element_type=\"widget\" data-widget_type=\"heading.default\">\n\t\t\t\t<div class=\"elementor-widget-container\">\n\t\t\t\t\t<h2 class=\"elementor-heading-title elementor-size-default\">Erkundung der Region<\/h2>\t\t\t\t<\/div>\n\t\t\t\t<\/div>\n\t\t\t\t<section class=\"elementor-section elementor-inner-section elementor-element elementor-element-77c9deb elementor-section-boxed elementor-section-height-default elementor-section-height-default\" data-id=\"77c9deb\" data-element_type=\"section\">\n\t\t\t\t\t\t<div class=\"elementor-container elementor-column-gap-default\">\n\t\t\t\t\t<div class=\"elementor-column elementor-col-33 elementor-inner-column elementor-element elementor-element-f656d36\" data-id=\"f656d36\" data-element_type=\"column\">\n\t\t\t<div class=\"elementor-widget-wrap elementor-element-populated\">\n\t\t\t\t\t\t<div class=\"elementor-element elementor-element-1ea246e elementor-widget elementor-widget-video\" data-id=\"1ea246e\" data-element_type=\"widget\" data-settings=\"{&quot;youtube_url&quot;:&quot;https:\\\/\\\/youtu.be\\\/DtHYkv88Yag&quot;,&quot;video_type&quot;:&quot;youtube&quot;,&quot;controls&quot;:&quot;yes&quot;}\" data-widget_type=\"video.default\">\n\t\t\t\t<div class=\"elementor-widget-container\">\n\t\t\t\t\t\t\t<div class=\"elementor-wrapper elementor-open-inline\">\n\t\t\t<div class=\"elementor-video\"><\/div>\t\t<\/div>\n\t\t\t\t\t\t<\/div>\n\t\t\t\t<\/div>\n\t\t\t\t\t<\/div>\n\t\t<\/div>\n\t\t\t\t<div class=\"elementor-column elementor-col-33 elementor-inner-column elementor-element elementor-element-ae26e3e\" data-id=\"ae26e3e\" data-element_type=\"column\">\n\t\t\t<div class=\"elementor-widget-wrap elementor-element-populated\">\n\t\t\t\t\t\t<div class=\"elementor-element elementor-element-b3ec83a elementor-widget elementor-widget-video\" data-id=\"b3ec83a\" data-element_type=\"widget\" data-settings=\"{&quot;youtube_url&quot;:&quot;https:\\\/\\\/youtu.be\\\/hU7Xm_LK_L4&quot;,&quot;video_type&quot;:&quot;youtube&quot;,&quot;controls&quot;:&quot;yes&quot;}\" data-widget_type=\"video.default\">\n\t\t\t\t<div class=\"elementor-widget-container\">\n\t\t\t\t\t\t\t<div class=\"elementor-wrapper elementor-open-inline\">\n\t\t\t<div class=\"elementor-video\"><\/div>\t\t<\/div>\n\t\t\t\t\t\t<\/div>\n\t\t\t\t<\/div>\n\t\t\t\t\t<\/div>\n\t\t<\/div>\n\t\t\t\t<div class=\"elementor-column elementor-col-33 elementor-inner-column elementor-element elementor-element-f00431a\" data-id=\"f00431a\" data-element_type=\"column\">\n\t\t\t<div class=\"elementor-widget-wrap elementor-element-populated\">\n\t\t\t\t\t\t<div class=\"elementor-element elementor-element-0ffe0bb elementor-widget elementor-widget-video\" data-id=\"0ffe0bb\" data-element_type=\"widget\" data-settings=\"{&quot;youtube_url&quot;:&quot;https:\\\/\\\/youtu.be\\\/6bWBh71g8IA&quot;,&quot;video_type&quot;:&quot;youtube&quot;,&quot;controls&quot;:&quot;yes&quot;}\" data-widget_type=\"video.default\">\n\t\t\t\t<div class=\"elementor-widget-container\">\n\t\t\t\t\t\t\t<div class=\"elementor-wrapper elementor-open-inline\">\n\t\t\t<div class=\"elementor-video\"><\/div>\t\t<\/div>\n\t\t\t\t\t\t<\/div>\n\t\t\t\t<\/div>\n\t\t\t\t\t<\/div>\n\t\t<\/div>\n\t\t\t\t\t<\/div>\n\t\t<\/section>\n\t\t\t\t<section class=\"elementor-section elementor-inner-section elementor-element elementor-element-569d0fa elementor-section-boxed elementor-section-height-default elementor-section-height-default\" data-id=\"569d0fa\" data-element_type=\"section\">\n\t\t\t\t\t\t<div class=\"elementor-container elementor-column-gap-default\">\n\t\t\t\t\t<div class=\"elementor-column elementor-col-33 elementor-inner-column elementor-element elementor-element-307d2d2\" data-id=\"307d2d2\" data-element_type=\"column\">\n\t\t\t<div class=\"elementor-widget-wrap elementor-element-populated\">\n\t\t\t\t\t\t<div class=\"elementor-element elementor-element-c04c4a1 elementor-widget elementor-widget-video\" data-id=\"c04c4a1\" data-element_type=\"widget\" data-settings=\"{&quot;youtube_url&quot;:&quot;https:\\\/\\\/youtu.be\\\/9fKi6eMgkrs&quot;,&quot;video_type&quot;:&quot;youtube&quot;,&quot;controls&quot;:&quot;yes&quot;}\" data-widget_type=\"video.default\">\n\t\t\t\t<div class=\"elementor-widget-container\">\n\t\t\t\t\t\t\t<div class=\"elementor-wrapper elementor-open-inline\">\n\t\t\t<div class=\"elementor-video\"><\/div>\t\t<\/div>\n\t\t\t\t\t\t<\/div>\n\t\t\t\t<\/div>\n\t\t\t\t\t<\/div>\n\t\t<\/div>\n\t\t\t\t<div class=\"elementor-column elementor-col-33 elementor-inner-column elementor-element elementor-element-00e3102\" data-id=\"00e3102\" data-element_type=\"column\">\n\t\t\t<div class=\"elementor-widget-wrap elementor-element-populated\">\n\t\t\t\t\t\t<div class=\"elementor-element elementor-element-3646be5 elementor-widget elementor-widget-video\" data-id=\"3646be5\" data-element_type=\"widget\" data-settings=\"{&quot;youtube_url&quot;:&quot;https:\\\/\\\/youtu.be\\\/i4YquINW1Fg&quot;,&quot;video_type&quot;:&quot;youtube&quot;,&quot;controls&quot;:&quot;yes&quot;}\" data-widget_type=\"video.default\">\n\t\t\t\t<div class=\"elementor-widget-container\">\n\t\t\t\t\t\t\t<div class=\"elementor-wrapper elementor-open-inline\">\n\t\t\t<div class=\"elementor-video\"><\/div>\t\t<\/div>\n\t\t\t\t\t\t<\/div>\n\t\t\t\t<\/div>\n\t\t\t\t\t<\/div>\n\t\t<\/div>\n\t\t\t\t<div class=\"elementor-column elementor-col-33 elementor-inner-column elementor-element elementor-element-22ddf1b\" data-id=\"22ddf1b\" data-element_type=\"column\">\n\t\t\t<div class=\"elementor-widget-wrap\">\n\t\t\t\t\t\t\t<\/div>\n\t\t<\/div>\n\t\t\t\t\t<\/div>\n\t\t<\/section>\n\t\t\t\t\t<\/div>\n\t\t<\/div>\n\t\t\t\t\t<\/div>\n\t\t<\/section>\n\t\t\t\t<\/div>\n\t\t","protected":false},"excerpt":{"rendered":"<p>Filme was bedeudet a l\u00e2rze? A L\u00e2rze Hotel video https:\/\/youtu.be\/5Oit6ERbc6khttps:\/\/youtu.be\/r7uP0NrNm6g Erkundung der Region https:\/\/youtu.be\/DtHYkv88Yaghttps:\/\/youtu.be\/hU7Xm_LK_L4https:\/\/youtu.be\/6bWBh71g8IAhttps:\/\/youtu.be\/9fKi6eMgkrshttps:\/\/youtu.be\/i4YquINW1Fg<\/p>\n","protected":false},"author":1,"featured_media":0,"parent":0,"menu_order":0,"comment_status":"closed","ping_status":"closed","template":"","meta":{"footnotes":""},"class_list":["post-30151","page","type-page","status-publish","hentry"],"yoast_head":"<!-- This site is optimized with the Yoast SEO plugin v24.1 - https:\/\/yoast.com\/wordpress\/plugins\/seo\/ -->\n<title>Filme - H\u00f4tel A L\u00e2rze<\/title>\n<meta name=\"robots\" content=\"index, follow, max-snippet:-1, max-image-preview:large, max-video-preview:-1\" \/>\n<link rel=\"canonical\" href=\"https:\/\/alarze.ch\/movies\/\" \/>\n<meta property=\"og:locale\" content=\"de_DE\" \/>\n<meta property=\"og:type\" content=\"article\" \/>\n<meta property=\"og:title\" content=\"Filme - H\u00f4tel A L\u00e2rze\" \/>\n<meta property=\"og:description\" content=\"Filme was bedeudet a l\u00e2rze? A L\u00e2rze Hotel video https:\/\/youtu.be\/5Oit6ERbc6khttps:\/\/youtu.be\/r7uP0NrNm6g Erkundung der Region https:\/\/youtu.be\/DtHYkv88Yaghttps:\/\/youtu.be\/hU7Xm_LK_L4https:\/\/youtu.be\/6bWBh71g8IAhttps:\/\/youtu.be\/9fKi6eMgkrshttps:\/\/youtu.be\/i4YquINW1Fg\" \/>\n<meta property=\"og:url\" content=\"https:\/\/alarze.ch\/movies\/\" \/>\n<meta property=\"og:site_name\" content=\"H\u00f4tel A L\u00e2rze\" \/>\n<meta property=\"article:modified_time\" content=\"2024-01-10T15:11:03+00:00\" \/>\n<meta name=\"twitter:card\" content=\"summary_large_image\" \/>\n<script type=\"application\/ld+json\" class=\"yoast-schema-graph\">{\"@context\":\"https:\/\/schema.org\",\"@graph\":[{\"@type\":\"WebPage\",\"@id\":\"https:\/\/alarze.ch\/movies\/\",\"url\":\"https:\/\/alarze.ch\/movies\/\",\"name\":\"Filme - H\u00f4tel A L\u00e2rze\",\"isPartOf\":{\"@id\":\"https:\/\/alarze.ch\/#website\"},\"datePublished\":\"2021-05-10T08:16:32+00:00\",\"dateModified\":\"2024-01-10T15:11:03+00:00\",\"breadcrumb\":{\"@id\":\"https:\/\/alarze.ch\/movies\/#breadcrumb\"},\"inLanguage\":\"de\",\"potentialAction\":[{\"@type\":\"ReadAction\",\"target\":[\"https:\/\/alarze.ch\/movies\/\"]}]},{\"@type\":\"BreadcrumbList\",\"@id\":\"https:\/\/alarze.ch\/movies\/#breadcrumb\",\"itemListElement\":[{\"@type\":\"ListItem\",\"position\":1,\"name\":\"Home\",\"item\":\"https:\/\/alarze.ch\/de\/heim\/\"},{\"@type\":\"ListItem\",\"position\":2,\"name\":\"Filme\"}]},{\"@type\":\"WebSite\",\"@id\":\"https:\/\/alarze.ch\/#website\",\"url\":\"https:\/\/alarze.ch\/\",\"name\":\"H\u00f4tel A L\u00e2rze\",\"description\":\"Nouvel h\u00f4tel A L\u00e2rze au coeur du Val de Bagnes\",\"potentialAction\":[{\"@type\":\"SearchAction\",\"target\":{\"@type\":\"EntryPoint\",\"urlTemplate\":\"https:\/\/alarze.ch\/?s={search_term_string}\"},\"query-input\":{\"@type\":\"PropertyValueSpecification\",\"valueRequired\":true,\"valueName\":\"search_term_string\"}}],\"inLanguage\":\"de\"}]}<\/script>\n<!-- \/ Yoast SEO plugin. -->","yoast_head_json":{"title":"Filme - H\u00f4tel A L\u00e2rze","robots":{"index":"index","follow":"follow","max-snippet":"max-snippet:-1","max-image-preview":"max-image-preview:large","max-video-preview":"max-video-preview:-1"},"canonical":"https:\/\/alarze.ch\/movies\/","og_locale":"de_DE","og_type":"article","og_title":"Filme - H\u00f4tel A L\u00e2rze","og_description":"Filme was bedeudet a l\u00e2rze? A L\u00e2rze Hotel video https:\/\/youtu.be\/5Oit6ERbc6khttps:\/\/youtu.be\/r7uP0NrNm6g Erkundung der Region https:\/\/youtu.be\/DtHYkv88Yaghttps:\/\/youtu.be\/hU7Xm_LK_L4https:\/\/youtu.be\/6bWBh71g8IAhttps:\/\/youtu.be\/9fKi6eMgkrshttps:\/\/youtu.be\/i4YquINW1Fg","og_url":"https:\/\/alarze.ch\/movies\/","og_site_name":"H\u00f4tel A L\u00e2rze","article_modified_time":"2024-01-10T15:11:03+00:00","twitter_card":"summary_large_image","schema":{"@context":"https:\/\/schema.org","@graph":[{"@type":"WebPage","@id":"https:\/\/alarze.ch\/movies\/","url":"https:\/\/alarze.ch\/movies\/","name":"Filme - H\u00f4tel A L\u00e2rze","isPartOf":{"@id":"https:\/\/alarze.ch\/#website"},"datePublished":"2021-05-10T08:16:32+00:00","dateModified":"2024-01-10T15:11:03+00:00","breadcrumb":{"@id":"https:\/\/alarze.ch\/movies\/#breadcrumb"},"inLanguage":"de","potentialAction":[{"@type":"ReadAction","target":["https:\/\/alarze.ch\/movies\/"]}]},{"@type":"BreadcrumbList","@id":"https:\/\/alarze.ch\/movies\/#breadcrumb","itemListElement":[{"@type":"ListItem","position":1,"name":"Home","item":"https:\/\/alarze.ch\/de\/heim\/"},{"@type":"ListItem","position":2,"name":"Filme"}]},{"@type":"WebSite","@id":"https:\/\/alarze.ch\/#website","url":"https:\/\/alarze.ch\/","name":"H\u00f4tel A L\u00e2rze","description":"Nouvel h\u00f4tel A L\u00e2rze au coeur du Val de Bagnes","potentialAction":[{"@type":"SearchAction","target":{"@type":"EntryPoint","urlTemplate":"https:\/\/alarze.ch\/?s={search_term_string}"},"query-input":{"@type":"PropertyValueSpecification","valueRequired":true,"valueName":"search_term_string"}}],"inLanguage":"de"}]}},"_links":{"self":[{"href":"https:\/\/alarze.ch\/de\/wp-json\/wp\/v2\/pages\/30151","targetHints":{"allow":["GET"]}}],"collection":[{"href":"https:\/\/alarze.ch\/de\/wp-json\/wp\/v2\/pages"}],"about":[{"href":"https:\/\/alarze.ch\/de\/wp-json\/wp\/v2\/types\/page"}],"author":[{"embeddable":true,"href":"https:\/\/alarze.ch\/de\/wp-json\/wp\/v2\/users\/1"}],"replies":[{"embeddable":true,"href":"https:\/\/alarze.ch\/de\/wp-json\/wp\/v2\/comments?post=30151"}],"version-history":[{"count":8,"href":"https:\/\/alarze.ch\/de\/wp-json\/wp\/v2\/pages\/30151\/revisions"}],"predecessor-version":[{"id":31660,"href":"https:\/\/alarze.ch\/de\/wp-json\/wp\/v2\/pages\/30151\/revisions\/31660"}],"wp:attachment":[{"href":"https:\/\/alarze.ch\/de\/wp-json\/wp\/v2\/media?parent=30151"}],"curies":[{"name":"wp","href":"https:\/\/api.w.org\/{rel}","templated":true}]}}