{"id":30157,"date":"2021-05-10T10:17:10","date_gmt":"2021-05-10T08:17:10","guid":{"rendered":"https:\/\/alarze.ch\/virtuelle-touren\/"},"modified":"2024-01-10T16:11:39","modified_gmt":"2024-01-10T15:11:39","slug":"virtuelle-touren","status":"publish","type":"page","link":"https:\/\/alarze.ch\/de\/virtuelle-touren\/","title":{"rendered":"Virtuelle Touren"},"content":{"rendered":"\t\t<div data-elementor-type=\"wp-page\" data-elementor-id=\"30157\" class=\"elementor elementor-30157 elementor-1719\" data-elementor-post-type=\"page\">\n\t\t\t\t\t\t<section class=\"elementor-section elementor-top-section elementor-element elementor-element-d123964 elementor-section-stretched elementor-section-content-middle elementor-section-boxed elementor-section-height-default elementor-section-height-default\" data-id=\"d123964\" data-element_type=\"section\" data-settings=\"{&quot;stretch_section&quot;:&quot;section-stretched&quot;,&quot;background_background&quot;:&quot;classic&quot;}\">\n\t\t\t\t\t\t\t<div class=\"elementor-background-overlay\"><\/div>\n\t\t\t\t\t\t\t<div class=\"elementor-container elementor-column-gap-default\">\n\t\t\t\t\t<div class=\"elementor-column elementor-col-100 elementor-top-column elementor-element elementor-element-59d3d406\" data-id=\"59d3d406\" data-element_type=\"column\">\n\t\t\t<div class=\"elementor-widget-wrap elementor-element-populated\">\n\t\t\t\t\t\t<div class=\"elementor-element elementor-element-64454227 elementor-widget elementor-widget-heading\" data-id=\"64454227\" data-element_type=\"widget\" data-widget_type=\"heading.default\">\n\t\t\t\t<div class=\"elementor-widget-container\">\n\t\t\t\t\t<h1 class=\"elementor-heading-title elementor-size-default\">Virtuelle Touren<\/h1>\t\t\t\t<\/div>\n\t\t\t\t<\/div>\n\t\t\t\t\t<\/div>\n\t\t<\/div>\n\t\t\t\t\t<\/div>\n\t\t<\/section>\n\t\t\t\t<section class=\"elementor-section elementor-top-section elementor-element elementor-element-7974e3f elementor-section-boxed elementor-section-height-default elementor-section-height-default\" data-id=\"7974e3f\" data-element_type=\"section\">\n\t\t\t\t\t\t<div class=\"elementor-container elementor-column-gap-default\">\n\t\t\t\t\t<div class=\"elementor-column elementor-col-50 elementor-top-column elementor-element elementor-element-ca18a9d\" data-id=\"ca18a9d\" data-element_type=\"column\">\n\t\t\t<div class=\"elementor-widget-wrap elementor-element-populated\">\n\t\t\t\t\t\t<div class=\"elementor-element elementor-element-3f26dde elementor-widget__width-auto elementor-widget elementor-widget-heading\" data-id=\"3f26dde\" data-element_type=\"widget\" data-widget_type=\"heading.default\">\n\t\t\t\t<div class=\"elementor-widget-container\">\n\t\t\t\t\t<h2 class=\"elementor-heading-title elementor-size-default\">Haupteingang<\/h2>\t\t\t\t<\/div>\n\t\t\t\t<\/div>\n\t\t\t\t<div class=\"elementor-element elementor-element-3eeb8ab elementor-widget elementor-widget-text-editor\" data-id=\"3eeb8ab\" data-element_type=\"widget\" data-widget_type=\"text-editor.default\">\n\t\t\t\t<div class=\"elementor-widget-container\">\n\t\t\t\t\t\t\t\t\t<iframe src=\"https:\/\/www.google.com\/maps\/embed?pb=!1m0!3m2!1sfr!2sus!4v1475508552522!6m8!1m7!1ssSQTf7jILowAAAQ1y8jk8Q!2m2!1d46.07866119291742!2d7.218667884006094!3f208.20443953501598!4f4.780499237470352!5f0.7820865974627469\" style=\"border:0\" allowfullscreen=\"\" width=\"400\" height=\"300\" frameborder=\"0\">\n\t\t\t\t\t<\/iframe>\t\t\t\t\t\t\t\t<\/div>\n\t\t\t\t<\/div>\n\t\t\t\t\t<\/div>\n\t\t<\/div>\n\t\t\t\t<div class=\"elementor-column elementor-col-50 elementor-top-column elementor-element elementor-element-a934d04\" data-id=\"a934d04\" data-element_type=\"column\">\n\t\t\t<div class=\"elementor-widget-wrap elementor-element-populated\">\n\t\t\t\t\t\t<div class=\"elementor-element elementor-element-5eb3a6e elementor-widget__width-auto elementor-widget elementor-widget-heading\" data-id=\"5eb3a6e\" data-element_type=\"widget\" data-widget_type=\"heading.default\">\n\t\t\t\t<div class=\"elementor-widget-container\">\n\t\t\t\t\t<h2 class=\"elementor-heading-title elementor-size-default\">Restaurant<\/h2>\t\t\t\t<\/div>\n\t\t\t\t<\/div>\n\t\t\t\t<div class=\"elementor-element elementor-element-c6a8b1d elementor-widget elementor-widget-text-editor\" data-id=\"c6a8b1d\" data-element_type=\"widget\" data-widget_type=\"text-editor.default\">\n\t\t\t\t<div class=\"elementor-widget-container\">\n\t\t\t\t\t\t\t\t\t<iframe src=\"https:\/\/www.google.com\/maps\/embed?pb=!1m0!3m2!1sfr!2sfr!4v1473953819863!6m8!1m7!1sM96IbZe3ofIAAAQ1y8fudA!2m2!1d46.07851227908052!2d7.218496680064049!3f326.0475121027666!4f-8.323512810350124!5f0.7820865974627469\" style=\"border: 0;\" width=\"400\" height=\"300\" frameborder=\"0\">\n<\/iframe>\t\t\t\t\t\t\t\t<\/div>\n\t\t\t\t<\/div>\n\t\t\t\t\t<\/div>\n\t\t<\/div>\n\t\t\t\t\t<\/div>\n\t\t<\/section>\n\t\t\t\t<section class=\"elementor-section elementor-top-section elementor-element elementor-element-bbd7029 elementor-section-boxed elementor-section-height-default elementor-section-height-default\" data-id=\"bbd7029\" data-element_type=\"section\">\n\t\t\t\t\t\t<div class=\"elementor-container elementor-column-gap-default\">\n\t\t\t\t\t<div class=\"elementor-column elementor-col-50 elementor-top-column elementor-element elementor-element-87f2aab\" data-id=\"87f2aab\" data-element_type=\"column\">\n\t\t\t<div class=\"elementor-widget-wrap elementor-element-populated\">\n\t\t\t\t\t\t<div class=\"elementor-element elementor-element-7035fe0 elementor-widget__width-auto elementor-widget elementor-widget-heading\" data-id=\"7035fe0\" data-element_type=\"widget\" data-widget_type=\"heading.default\">\n\t\t\t\t<div class=\"elementor-widget-container\">\n\t\t\t\t\t<h2 class=\"elementor-heading-title elementor-size-default\">ZIMMER 1<\/h2>\t\t\t\t<\/div>\n\t\t\t\t<\/div>\n\t\t\t\t<div class=\"elementor-element elementor-element-bc18837 elementor-widget elementor-widget-text-editor\" data-id=\"bc18837\" data-element_type=\"widget\" data-widget_type=\"text-editor.default\">\n\t\t\t\t<div class=\"elementor-widget-container\">\n\t\t\t\t\t\t\t\t\t<iframe src=\"https:\/\/www.google.com\/maps\/embed?pb=!1m0!3m2!1sfr!2sfr!4v1473953997987!6m8!1m7!1sv54z3aoTMQoAAAQ1y8ksfQ!2m2!1d46.07846880415894!2d7.218694846320204!3f273.62!4f-14.620000000000005!5f0.7820865974627469\" style=\"border: 0;\" width=\"400\" height=\"300\" frameborder=\"0\">\n\t\t\t\t\t<\/iframe>\t\t\t\t\t\t\t\t<\/div>\n\t\t\t\t<\/div>\n\t\t\t\t\t<\/div>\n\t\t<\/div>\n\t\t\t\t<div class=\"elementor-column elementor-col-50 elementor-top-column elementor-element elementor-element-366b67f\" data-id=\"366b67f\" data-element_type=\"column\">\n\t\t\t<div class=\"elementor-widget-wrap elementor-element-populated\">\n\t\t\t\t\t\t<div class=\"elementor-element elementor-element-368df84 elementor-widget__width-auto elementor-widget elementor-widget-heading\" data-id=\"368df84\" data-element_type=\"widget\" data-widget_type=\"heading.default\">\n\t\t\t\t<div class=\"elementor-widget-container\">\n\t\t\t\t\t<h2 class=\"elementor-heading-title elementor-size-default\">ZIMMER 2<\/h2>\t\t\t\t<\/div>\n\t\t\t\t<\/div>\n\t\t\t\t<div class=\"elementor-element elementor-element-0118a33 elementor-widget elementor-widget-text-editor\" data-id=\"0118a33\" data-element_type=\"widget\" data-widget_type=\"text-editor.default\">\n\t\t\t\t<div class=\"elementor-widget-container\">\n\t\t\t\t\t\t\t\t\t<iframe src=\"https:\/\/www.google.com\/maps\/embed?pb=!1m0!3m2!1sfr!2sfr!4v1473954030229!6m8!1m7!1syxDbzE2turgAAAQ1y8hrdQ!2m2!1d46.07850790579997!2d7.218625163033607!3f265.49!4f-20.700000000000003!5f0.7820865974627469\" style=\"border: 0;\" width=\"400\" height=\"300\" frameborder=\"0\">\n\t\t\t<\/iframe>\t\t\t\t\t\t\t\t<\/div>\n\t\t\t\t<\/div>\n\t\t\t\t\t<\/div>\n\t\t<\/div>\n\t\t\t\t\t<\/div>\n\t\t<\/section>\n\t\t\t\t<section class=\"elementor-section elementor-top-section elementor-element elementor-element-7265fd9 elementor-section-boxed elementor-section-height-default elementor-section-height-default\" data-id=\"7265fd9\" data-element_type=\"section\">\n\t\t\t\t\t\t<div class=\"elementor-container elementor-column-gap-default\">\n\t\t\t\t\t<div class=\"elementor-column elementor-col-50 elementor-top-column elementor-element elementor-element-f91d4de\" data-id=\"f91d4de\" data-element_type=\"column\">\n\t\t\t<div class=\"elementor-widget-wrap elementor-element-populated\">\n\t\t\t\t\t\t<div class=\"elementor-element elementor-element-e8310d7 elementor-widget__width-auto elementor-widget elementor-widget-heading\" data-id=\"e8310d7\" data-element_type=\"widget\" data-widget_type=\"heading.default\">\n\t\t\t\t<div class=\"elementor-widget-container\">\n\t\t\t\t\t<h2 class=\"elementor-heading-title elementor-size-default\">Sauna<\/h2>\t\t\t\t<\/div>\n\t\t\t\t<\/div>\n\t\t\t\t<div class=\"elementor-element elementor-element-60ce5ed elementor-widget elementor-widget-text-editor\" data-id=\"60ce5ed\" data-element_type=\"widget\" data-widget_type=\"text-editor.default\">\n\t\t\t\t<div class=\"elementor-widget-container\">\n\t\t\t\t\t\t\t\t\t<iframe src=\"https:\/\/www.google.com\/maps\/embed?pb=!1m0!3m2!1sfr!2sfr!4v1473954071550!6m8!1m7!1s3LieCmKlSzEAAAQ1y8fueQ!2m2!1d46.07845472095895!2d7.218748717359404!3f16.581664828336688!4f-8.887458293645935!5f0.7820865974627469\" style=\"border: 0;\" width=\"400\" height=\"300\" frameborder=\"0\">\n\t\t\t<\/iframe>\t\t\t\t\t\t\t\t<\/div>\n\t\t\t\t<\/div>\n\t\t\t\t<div class=\"elementor-element elementor-element-b3efacd elementor-widget elementor-widget-spacer\" data-id=\"b3efacd\" data-element_type=\"widget\" data-widget_type=\"spacer.default\">\n\t\t\t\t<div class=\"elementor-widget-container\">\n\t\t\t\t\t\t\t<div class=\"elementor-spacer\">\n\t\t\t<div class=\"elementor-spacer-inner\"><\/div>\n\t\t<\/div>\n\t\t\t\t\t\t<\/div>\n\t\t\t\t<\/div>\n\t\t\t\t\t<\/div>\n\t\t<\/div>\n\t\t\t\t<div class=\"elementor-column elementor-col-50 elementor-top-column elementor-element elementor-element-de72494\" data-id=\"de72494\" data-element_type=\"column\">\n\t\t\t<div class=\"elementor-widget-wrap\">\n\t\t\t\t\t\t\t<\/div>\n\t\t<\/div>\n\t\t\t\t\t<\/div>\n\t\t<\/section>\n\t\t\t\t<\/div>\n\t\t","protected":false},"excerpt":{"rendered":"<p>Virtuelle Touren Haupteingang Restaurant ZIMMER 1 ZIMMER 2 Sauna<\/p>\n","protected":false},"author":1,"featured_media":0,"parent":0,"menu_order":0,"comment_status":"closed","ping_status":"closed","template":"","meta":{"footnotes":""},"class_list":["post-30157","page","type-page","status-publish","hentry"],"yoast_head":"<!-- This site is optimized with the Yoast SEO plugin v24.1 - https:\/\/yoast.com\/wordpress\/plugins\/seo\/ -->\n<title>Virtuelle Touren - H\u00f4tel A L\u00e2rze<\/title>\n<meta name=\"robots\" content=\"index, follow, max-snippet:-1, max-image-preview:large, max-video-preview:-1\" \/>\n<link rel=\"canonical\" href=\"https:\/\/alarze.ch\/virtual-tours\/\" \/>\n<meta property=\"og:locale\" content=\"de_DE\" \/>\n<meta property=\"og:type\" content=\"article\" \/>\n<meta property=\"og:title\" content=\"Virtuelle Touren - H\u00f4tel A L\u00e2rze\" \/>\n<meta property=\"og:description\" content=\"Virtuelle Touren Haupteingang Restaurant ZIMMER 1 ZIMMER 2 Sauna\" \/>\n<meta property=\"og:url\" content=\"https:\/\/alarze.ch\/virtual-tours\/\" \/>\n<meta property=\"og:site_name\" content=\"H\u00f4tel A L\u00e2rze\" \/>\n<meta property=\"article:modified_time\" content=\"2024-01-10T15:11:39+00:00\" \/>\n<meta name=\"twitter:card\" content=\"summary_large_image\" \/>\n<script type=\"application\/ld+json\" class=\"yoast-schema-graph\">{\"@context\":\"https:\/\/schema.org\",\"@graph\":[{\"@type\":\"WebPage\",\"@id\":\"https:\/\/alarze.ch\/virtual-tours\/\",\"url\":\"https:\/\/alarze.ch\/virtual-tours\/\",\"name\":\"Virtuelle Touren - H\u00f4tel A L\u00e2rze\",\"isPartOf\":{\"@id\":\"https:\/\/alarze.ch\/#website\"},\"datePublished\":\"2021-05-10T08:17:10+00:00\",\"dateModified\":\"2024-01-10T15:11:39+00:00\",\"breadcrumb\":{\"@id\":\"https:\/\/alarze.ch\/virtual-tours\/#breadcrumb\"},\"inLanguage\":\"de\",\"potentialAction\":[{\"@type\":\"ReadAction\",\"target\":[\"https:\/\/alarze.ch\/virtual-tours\/\"]}]},{\"@type\":\"BreadcrumbList\",\"@id\":\"https:\/\/alarze.ch\/virtual-tours\/#breadcrumb\",\"itemListElement\":[{\"@type\":\"ListItem\",\"position\":1,\"name\":\"Home\",\"item\":\"https:\/\/alarze.ch\/de\/heim\/\"},{\"@type\":\"ListItem\",\"position\":2,\"name\":\"Virtuelle Touren\"}]},{\"@type\":\"WebSite\",\"@id\":\"https:\/\/alarze.ch\/#website\",\"url\":\"https:\/\/alarze.ch\/\",\"name\":\"H\u00f4tel A L\u00e2rze\",\"description\":\"Nouvel h\u00f4tel A L\u00e2rze au coeur du Val de Bagnes\",\"potentialAction\":[{\"@type\":\"SearchAction\",\"target\":{\"@type\":\"EntryPoint\",\"urlTemplate\":\"https:\/\/alarze.ch\/?s={search_term_string}\"},\"query-input\":{\"@type\":\"PropertyValueSpecification\",\"valueRequired\":true,\"valueName\":\"search_term_string\"}}],\"inLanguage\":\"de\"}]}<\/script>\n<!-- \/ Yoast SEO plugin. -->","yoast_head_json":{"title":"Virtuelle Touren - H\u00f4tel A L\u00e2rze","robots":{"index":"index","follow":"follow","max-snippet":"max-snippet:-1","max-image-preview":"max-image-preview:large","max-video-preview":"max-video-preview:-1"},"canonical":"https:\/\/alarze.ch\/virtual-tours\/","og_locale":"de_DE","og_type":"article","og_title":"Virtuelle Touren - H\u00f4tel A L\u00e2rze","og_description":"Virtuelle Touren Haupteingang Restaurant ZIMMER 1 ZIMMER 2 Sauna","og_url":"https:\/\/alarze.ch\/virtual-tours\/","og_site_name":"H\u00f4tel A L\u00e2rze","article_modified_time":"2024-01-10T15:11:39+00:00","twitter_card":"summary_large_image","schema":{"@context":"https:\/\/schema.org","@graph":[{"@type":"WebPage","@id":"https:\/\/alarze.ch\/virtual-tours\/","url":"https:\/\/alarze.ch\/virtual-tours\/","name":"Virtuelle Touren - H\u00f4tel A L\u00e2rze","isPartOf":{"@id":"https:\/\/alarze.ch\/#website"},"datePublished":"2021-05-10T08:17:10+00:00","dateModified":"2024-01-10T15:11:39+00:00","breadcrumb":{"@id":"https:\/\/alarze.ch\/virtual-tours\/#breadcrumb"},"inLanguage":"de","potentialAction":[{"@type":"ReadAction","target":["https:\/\/alarze.ch\/virtual-tours\/"]}]},{"@type":"BreadcrumbList","@id":"https:\/\/alarze.ch\/virtual-tours\/#breadcrumb","itemListElement":[{"@type":"ListItem","position":1,"name":"Home","item":"https:\/\/alarze.ch\/de\/heim\/"},{"@type":"ListItem","position":2,"name":"Virtuelle Touren"}]},{"@type":"WebSite","@id":"https:\/\/alarze.ch\/#website","url":"https:\/\/alarze.ch\/","name":"H\u00f4tel A L\u00e2rze","description":"Nouvel h\u00f4tel A L\u00e2rze au coeur du Val de Bagnes","potentialAction":[{"@type":"SearchAction","target":{"@type":"EntryPoint","urlTemplate":"https:\/\/alarze.ch\/?s={search_term_string}"},"query-input":{"@type":"PropertyValueSpecification","valueRequired":true,"valueName":"search_term_string"}}],"inLanguage":"de"}]}},"_links":{"self":[{"href":"https:\/\/alarze.ch\/de\/wp-json\/wp\/v2\/pages\/30157","targetHints":{"allow":["GET"]}}],"collection":[{"href":"https:\/\/alarze.ch\/de\/wp-json\/wp\/v2\/pages"}],"about":[{"href":"https:\/\/alarze.ch\/de\/wp-json\/wp\/v2\/types\/page"}],"author":[{"embeddable":true,"href":"https:\/\/alarze.ch\/de\/wp-json\/wp\/v2\/users\/1"}],"replies":[{"embeddable":true,"href":"https:\/\/alarze.ch\/de\/wp-json\/wp\/v2\/comments?post=30157"}],"version-history":[{"count":8,"href":"https:\/\/alarze.ch\/de\/wp-json\/wp\/v2\/pages\/30157\/revisions"}],"predecessor-version":[{"id":31664,"href":"https:\/\/alarze.ch\/de\/wp-json\/wp\/v2\/pages\/30157\/revisions\/31664"}],"wp:attachment":[{"href":"https:\/\/alarze.ch\/de\/wp-json\/wp\/v2\/media?parent=30157"}],"curies":[{"name":"wp","href":"https:\/\/api.w.org\/{rel}","templated":true}]}}