{"id":31099,"date":"2023-11-16T12:16:05","date_gmt":"2023-11-16T11:16:05","guid":{"rendered":"https:\/\/alarze.ch\/?page_id=31099"},"modified":"2024-04-16T18:07:38","modified_gmt":"2024-04-16T16:07:38","slug":"situation","status":"publish","type":"page","link":"https:\/\/alarze.ch\/de\/situation\/","title":{"rendered":"Situation"},"content":{"rendered":"\t\t<div data-elementor-type=\"wp-page\" data-elementor-id=\"31099\" class=\"elementor elementor-31099 elementor-31098\" data-elementor-post-type=\"page\">\n\t\t\t\t\t\t<section class=\"elementor-section elementor-top-section elementor-element elementor-element-8ed3901 elementor-section-stretched elementor-section-content-middle elementor-section-boxed elementor-section-height-default elementor-section-height-default\" data-id=\"8ed3901\" data-element_type=\"section\" data-settings=\"{&quot;stretch_section&quot;:&quot;section-stretched&quot;,&quot;background_background&quot;:&quot;classic&quot;}\">\n\t\t\t\t\t\t\t<div class=\"elementor-background-overlay\"><\/div>\n\t\t\t\t\t\t\t<div class=\"elementor-container elementor-column-gap-default\">\n\t\t\t\t\t<div class=\"elementor-column elementor-col-100 elementor-top-column elementor-element elementor-element-70f70055\" data-id=\"70f70055\" data-element_type=\"column\">\n\t\t\t<div class=\"elementor-widget-wrap elementor-element-populated\">\n\t\t\t\t\t\t<div class=\"elementor-element elementor-element-43e4f09b elementor-widget elementor-widget-heading\" data-id=\"43e4f09b\" data-element_type=\"widget\" data-widget_type=\"heading.default\">\n\t\t\t\t<div class=\"elementor-widget-container\">\n\t\t\t\t\t<h1 class=\"elementor-heading-title elementor-size-default\">Situation<\/h1>\t\t\t\t<\/div>\n\t\t\t\t<\/div>\n\t\t\t\t\t<\/div>\n\t\t<\/div>\n\t\t\t\t\t<\/div>\n\t\t<\/section>\n\t\t\t\t<section class=\"elementor-section elementor-top-section elementor-element elementor-element-6a0f67f elementor-section-stretched elementor-section-content-middle elementor-section-boxed elementor-section-height-default elementor-section-height-default\" data-id=\"6a0f67f\" data-element_type=\"section\" data-settings=\"{&quot;stretch_section&quot;:&quot;section-stretched&quot;,&quot;background_background&quot;:&quot;classic&quot;}\">\n\t\t\t\t\t\t\t<div class=\"elementor-background-overlay\"><\/div>\n\t\t\t\t\t\t\t<div class=\"elementor-container elementor-column-gap-default\">\n\t\t\t\t\t<div class=\"elementor-column elementor-col-100 elementor-top-column elementor-element elementor-element-69e3ba7\" data-id=\"69e3ba7\" data-element_type=\"column\">\n\t\t\t<div class=\"elementor-widget-wrap elementor-element-populated\">\n\t\t\t\t\t\t<div class=\"elementor-element elementor-element-1a3f963 elementor-widget elementor-widget-heading\" data-id=\"1a3f963\" data-element_type=\"widget\" data-widget_type=\"heading.default\">\n\t\t\t\t<div class=\"elementor-widget-container\">\n\t\t\t\t\t<h3 class=\"elementor-heading-title elementor-size-default\">Zugang zum Hotel<\/h3>\t\t\t\t<\/div>\n\t\t\t\t<\/div>\n\t\t\t\t<div class=\"elementor-element elementor-element-9c0063d elementor-widget elementor-widget-text-editor\" data-id=\"9c0063d\" data-element_type=\"widget\" data-widget_type=\"text-editor.default\">\n\t\t\t\t<div class=\"elementor-widget-container\">\n\t\t\t\t\t\t\t\t\t<p><span style=\"text-decoration: underline;\"><a href=\"https:\/\/www.sbb.ch\/en\" target=\"_blank\" rel=\"noopener\">N\u00e4chstgelegene Bahnstation: Le Ch\u00e2ble 300m entfernt<\/a><\/span><\/p>\n<p>Flughafen Sion 47km \/ 40 min<\/p>\n<p>Flughafen Genf 152 km \/2h15 mit dem Auto in Richtung Grand-Saint-Bernard<\/p>\n<p>Gondelverbindung Le Ch\u00e2ble-Verbier von 5.15 Uhr bis 23.45 Uhr.<\/p>\n\t\t\t\t\t\t\t\t<\/div>\n\t\t\t\t<\/div>\n\t\t\t\t\t<\/div>\n\t\t<\/div>\n\t\t\t\t\t<\/div>\n\t\t<\/section>\n\t\t\t\t<section class=\"elementor-section elementor-top-section elementor-element elementor-element-2cd7f61 elementor-section-stretched elementor-section-boxed elementor-section-height-default elementor-section-height-default\" data-id=\"2cd7f61\" data-element_type=\"section\" data-settings=\"{&quot;stretch_section&quot;:&quot;section-stretched&quot;}\">\n\t\t\t\t\t\t<div class=\"elementor-container elementor-column-gap-default\">\n\t\t\t\t\t<div class=\"elementor-column elementor-col-100 elementor-top-column elementor-element elementor-element-fee322d\" data-id=\"fee322d\" data-element_type=\"column\">\n\t\t\t<div class=\"elementor-widget-wrap elementor-element-populated\">\n\t\t\t\t\t\t<div class=\"elementor-element elementor-element-50c5690 elementor-widget elementor-widget-heading\" data-id=\"50c5690\" data-element_type=\"widget\" data-widget_type=\"heading.default\">\n\t\t\t\t<div class=\"elementor-widget-container\">\n\t\t\t\t\t<h2 class=\"elementor-heading-title elementor-size-default\">Zugang zu Fu\u00df vom Bahnhof aus<\/h2>\t\t\t\t<\/div>\n\t\t\t\t<\/div>\n\t\t\t\t<div class=\"elementor-element elementor-element-7f8bade elementor-widget elementor-widget-image\" data-id=\"7f8bade\" data-element_type=\"widget\" data-widget_type=\"image.default\">\n\t\t\t\t<div class=\"elementor-widget-container\">\n\t\t\t\t\t\t\t\t\t\t\t\t\t\t\t<img fetchpriority=\"high\" decoding=\"async\" width=\"1055\" height=\"773\" src=\"https:\/\/alarze.ch\/wp-content\/uploads\/2023\/11\/route-a-larze.jpg\" class=\"attachment-full size-full wp-image-31121\" alt=\"Route \u00e0 l&#039;Arze\" srcset=\"https:\/\/alarze.ch\/wp-content\/uploads\/2023\/11\/route-a-larze.jpg 1055w, https:\/\/alarze.ch\/wp-content\/uploads\/2023\/11\/route-a-larze-300x220.jpg 300w, https:\/\/alarze.ch\/wp-content\/uploads\/2023\/11\/route-a-larze-1024x750.jpg 1024w, https:\/\/alarze.ch\/wp-content\/uploads\/2023\/11\/route-a-larze-768x563.jpg 768w\" sizes=\"(max-width: 1055px) 100vw, 1055px\" \/>\t\t\t\t\t\t\t\t\t\t\t\t\t\t\t<\/div>\n\t\t\t\t<\/div>\n\t\t\t\t\t<\/div>\n\t\t<\/div>\n\t\t\t\t\t<\/div>\n\t\t<\/section>\n\t\t\t\t<section class=\"elementor-section elementor-top-section elementor-element elementor-element-40bf92d elementor-section-stretched elementor-section-boxed elementor-section-height-default elementor-section-height-default\" data-id=\"40bf92d\" data-element_type=\"section\" data-settings=\"{&quot;stretch_section&quot;:&quot;section-stretched&quot;,&quot;background_background&quot;:&quot;classic&quot;}\">\n\t\t\t\t\t\t<div class=\"elementor-container elementor-column-gap-default\">\n\t\t\t\t\t<div class=\"elementor-column elementor-col-100 elementor-top-column elementor-element elementor-element-a08d553\" data-id=\"a08d553\" data-element_type=\"column\">\n\t\t\t<div class=\"elementor-widget-wrap elementor-element-populated\">\n\t\t\t\t\t\t<div class=\"elementor-element elementor-element-09a7de8 elementor-widget elementor-widget-heading\" data-id=\"09a7de8\" data-element_type=\"widget\" data-widget_type=\"heading.default\">\n\t\t\t\t<div class=\"elementor-widget-container\">\n\t\t\t\t\t<h4 class=\"elementor-heading-title elementor-size-default\">Unser Hotel liegt 300 m vom Bahnhof und der Gondelbahn zu den Skigebieten Verbier-4 Vall\u00e9es und Bruson entfernt.<\/h4>\t\t\t\t<\/div>\n\t\t\t\t<\/div>\n\t\t\t\t<div class=\"elementor-element elementor-element-ca815f0 elementor-widget elementor-widget-heading\" data-id=\"ca815f0\" data-element_type=\"widget\" data-widget_type=\"heading.default\">\n\t\t\t\t<div class=\"elementor-widget-container\">\n\t\t\t\t\t<h4 class=\"elementor-heading-title elementor-size-default\">Es ist auch der Ausgangspunkt f\u00fcr Wander- und Mountainbikewege.<\/h4>\t\t\t\t<\/div>\n\t\t\t\t<\/div>\n\t\t\t\t<div class=\"elementor-element elementor-element-287f4c0 elementor-widget elementor-widget-heading\" data-id=\"287f4c0\" data-element_type=\"widget\" data-widget_type=\"heading.default\">\n\t\t\t\t<div class=\"elementor-widget-container\">\n\t\t\t\t\t<h4 class=\"elementor-heading-title elementor-size-default\">Mehrere Landepl\u00e4tze f\u00fcr Gleitschirmflieger in der N\u00e4he.<\/h4>\t\t\t\t<\/div>\n\t\t\t\t<\/div>\n\t\t\t\t\t<\/div>\n\t\t<\/div>\n\t\t\t\t\t<\/div>\n\t\t<\/section>\n\t\t\t\t<\/div>\n\t\t","protected":false},"excerpt":{"rendered":"<p>Situation Zugang zum Hotel N\u00e4chstgelegene Bahnstation: Le Ch\u00e2ble 300m entfernt Flughafen Sion 47km \/ 40 min Flughafen Genf 152 km \/2h15 mit dem Auto in Richtung Grand-Saint-Bernard Gondelverbindung Le Ch\u00e2ble-Verbier von 5.15 Uhr bis 23.45 Uhr. Zugang zu Fu\u00df vom Bahnhof aus Unser Hotel liegt 300 m vom Bahnhof und der Gondelbahn zu den Skigebieten [&hellip;]<\/p>\n","protected":false},"author":1,"featured_media":0,"parent":0,"menu_order":0,"comment_status":"closed","ping_status":"closed","template":"","meta":{"footnotes":""},"class_list":["post-31099","page","type-page","status-publish","hentry"],"yoast_head":"<!-- This site is optimized with the Yoast SEO plugin v24.1 - https:\/\/yoast.com\/wordpress\/plugins\/seo\/ -->\n<title>Situation - H\u00f4tel A L\u00e2rze<\/title>\n<meta name=\"robots\" content=\"index, follow, max-snippet:-1, max-image-preview:large, max-video-preview:-1\" \/>\n<link rel=\"canonical\" href=\"https:\/\/alarze.ch\/de\/situation\/\" \/>\n<meta property=\"og:locale\" content=\"de_DE\" \/>\n<meta property=\"og:type\" content=\"article\" \/>\n<meta property=\"og:title\" content=\"Situation - H\u00f4tel A L\u00e2rze\" \/>\n<meta property=\"og:description\" content=\"Situation Zugang zum Hotel N\u00e4chstgelegene Bahnstation: Le Ch\u00e2ble 300m entfernt Flughafen Sion 47km \/ 40 min Flughafen Genf 152 km \/2h15 mit dem Auto in Richtung Grand-Saint-Bernard Gondelverbindung Le Ch\u00e2ble-Verbier von 5.15 Uhr bis 23.45 Uhr. Zugang zu Fu\u00df vom Bahnhof aus Unser Hotel liegt 300 m vom Bahnhof und der Gondelbahn zu den Skigebieten [&hellip;]\" \/>\n<meta property=\"og:url\" content=\"https:\/\/alarze.ch\/de\/situation\/\" \/>\n<meta property=\"og:site_name\" content=\"H\u00f4tel A L\u00e2rze\" \/>\n<meta property=\"article:modified_time\" content=\"2024-04-16T16:07:38+00:00\" \/>\n<meta property=\"og:image\" content=\"https:\/\/alarze.ch\/wp-content\/uploads\/2023\/11\/route-a-larze.jpg\" \/>\n<meta name=\"twitter:card\" content=\"summary_large_image\" \/>\n<script type=\"application\/ld+json\" class=\"yoast-schema-graph\">{\"@context\":\"https:\/\/schema.org\",\"@graph\":[{\"@type\":\"WebPage\",\"@id\":\"https:\/\/alarze.ch\/de\/situation\/\",\"url\":\"https:\/\/alarze.ch\/de\/situation\/\",\"name\":\"Situation - H\u00f4tel A L\u00e2rze\",\"isPartOf\":{\"@id\":\"https:\/\/alarze.ch\/#website\"},\"primaryImageOfPage\":{\"@id\":\"https:\/\/alarze.ch\/de\/situation\/#primaryimage\"},\"image\":{\"@id\":\"https:\/\/alarze.ch\/de\/situation\/#primaryimage\"},\"thumbnailUrl\":\"https:\/\/alarze.ch\/wp-content\/uploads\/2023\/11\/route-a-larze.jpg\",\"datePublished\":\"2023-11-16T11:16:05+00:00\",\"dateModified\":\"2024-04-16T16:07:38+00:00\",\"breadcrumb\":{\"@id\":\"https:\/\/alarze.ch\/de\/situation\/#breadcrumb\"},\"inLanguage\":\"de\",\"potentialAction\":[{\"@type\":\"ReadAction\",\"target\":[\"https:\/\/alarze.ch\/de\/situation\/\"]}]},{\"@type\":\"ImageObject\",\"inLanguage\":\"de\",\"@id\":\"https:\/\/alarze.ch\/de\/situation\/#primaryimage\",\"url\":\"https:\/\/alarze.ch\/wp-content\/uploads\/2023\/11\/route-a-larze.jpg\",\"contentUrl\":\"https:\/\/alarze.ch\/wp-content\/uploads\/2023\/11\/route-a-larze.jpg\"},{\"@type\":\"BreadcrumbList\",\"@id\":\"https:\/\/alarze.ch\/de\/situation\/#breadcrumb\",\"itemListElement\":[{\"@type\":\"ListItem\",\"position\":1,\"name\":\"Home\",\"item\":\"https:\/\/alarze.ch\/de\/heim\/\"},{\"@type\":\"ListItem\",\"position\":2,\"name\":\"Situation\"}]},{\"@type\":\"WebSite\",\"@id\":\"https:\/\/alarze.ch\/#website\",\"url\":\"https:\/\/alarze.ch\/\",\"name\":\"H\u00f4tel A L\u00e2rze\",\"description\":\"Nouvel h\u00f4tel A L\u00e2rze au coeur du Val de Bagnes\",\"potentialAction\":[{\"@type\":\"SearchAction\",\"target\":{\"@type\":\"EntryPoint\",\"urlTemplate\":\"https:\/\/alarze.ch\/?s={search_term_string}\"},\"query-input\":{\"@type\":\"PropertyValueSpecification\",\"valueRequired\":true,\"valueName\":\"search_term_string\"}}],\"inLanguage\":\"de\"}]}<\/script>\n<!-- \/ Yoast SEO plugin. -->","yoast_head_json":{"title":"Situation - H\u00f4tel A L\u00e2rze","robots":{"index":"index","follow":"follow","max-snippet":"max-snippet:-1","max-image-preview":"max-image-preview:large","max-video-preview":"max-video-preview:-1"},"canonical":"https:\/\/alarze.ch\/de\/situation\/","og_locale":"de_DE","og_type":"article","og_title":"Situation - H\u00f4tel A L\u00e2rze","og_description":"Situation Zugang zum Hotel N\u00e4chstgelegene Bahnstation: Le Ch\u00e2ble 300m entfernt Flughafen Sion 47km \/ 40 min Flughafen Genf 152 km \/2h15 mit dem Auto in Richtung Grand-Saint-Bernard Gondelverbindung Le Ch\u00e2ble-Verbier von 5.15 Uhr bis 23.45 Uhr. Zugang zu Fu\u00df vom Bahnhof aus Unser Hotel liegt 300 m vom Bahnhof und der Gondelbahn zu den Skigebieten [&hellip;]","og_url":"https:\/\/alarze.ch\/de\/situation\/","og_site_name":"H\u00f4tel A L\u00e2rze","article_modified_time":"2024-04-16T16:07:38+00:00","og_image":[{"url":"https:\/\/alarze.ch\/wp-content\/uploads\/2023\/11\/route-a-larze.jpg","type":"","width":"","height":""}],"twitter_card":"summary_large_image","schema":{"@context":"https:\/\/schema.org","@graph":[{"@type":"WebPage","@id":"https:\/\/alarze.ch\/de\/situation\/","url":"https:\/\/alarze.ch\/de\/situation\/","name":"Situation - H\u00f4tel A L\u00e2rze","isPartOf":{"@id":"https:\/\/alarze.ch\/#website"},"primaryImageOfPage":{"@id":"https:\/\/alarze.ch\/de\/situation\/#primaryimage"},"image":{"@id":"https:\/\/alarze.ch\/de\/situation\/#primaryimage"},"thumbnailUrl":"https:\/\/alarze.ch\/wp-content\/uploads\/2023\/11\/route-a-larze.jpg","datePublished":"2023-11-16T11:16:05+00:00","dateModified":"2024-04-16T16:07:38+00:00","breadcrumb":{"@id":"https:\/\/alarze.ch\/de\/situation\/#breadcrumb"},"inLanguage":"de","potentialAction":[{"@type":"ReadAction","target":["https:\/\/alarze.ch\/de\/situation\/"]}]},{"@type":"ImageObject","inLanguage":"de","@id":"https:\/\/alarze.ch\/de\/situation\/#primaryimage","url":"https:\/\/alarze.ch\/wp-content\/uploads\/2023\/11\/route-a-larze.jpg","contentUrl":"https:\/\/alarze.ch\/wp-content\/uploads\/2023\/11\/route-a-larze.jpg"},{"@type":"BreadcrumbList","@id":"https:\/\/alarze.ch\/de\/situation\/#breadcrumb","itemListElement":[{"@type":"ListItem","position":1,"name":"Home","item":"https:\/\/alarze.ch\/de\/heim\/"},{"@type":"ListItem","position":2,"name":"Situation"}]},{"@type":"WebSite","@id":"https:\/\/alarze.ch\/#website","url":"https:\/\/alarze.ch\/","name":"H\u00f4tel A L\u00e2rze","description":"Nouvel h\u00f4tel A L\u00e2rze au coeur du Val de Bagnes","potentialAction":[{"@type":"SearchAction","target":{"@type":"EntryPoint","urlTemplate":"https:\/\/alarze.ch\/?s={search_term_string}"},"query-input":{"@type":"PropertyValueSpecification","valueRequired":true,"valueName":"search_term_string"}}],"inLanguage":"de"}]}},"_links":{"self":[{"href":"https:\/\/alarze.ch\/de\/wp-json\/wp\/v2\/pages\/31099","targetHints":{"allow":["GET"]}}],"collection":[{"href":"https:\/\/alarze.ch\/de\/wp-json\/wp\/v2\/pages"}],"about":[{"href":"https:\/\/alarze.ch\/de\/wp-json\/wp\/v2\/types\/page"}],"author":[{"embeddable":true,"href":"https:\/\/alarze.ch\/de\/wp-json\/wp\/v2\/users\/1"}],"replies":[{"embeddable":true,"href":"https:\/\/alarze.ch\/de\/wp-json\/wp\/v2\/comments?post=31099"}],"version-history":[{"count":10,"href":"https:\/\/alarze.ch\/de\/wp-json\/wp\/v2\/pages\/31099\/revisions"}],"predecessor-version":[{"id":31905,"href":"https:\/\/alarze.ch\/de\/wp-json\/wp\/v2\/pages\/31099\/revisions\/31905"}],"wp:attachment":[{"href":"https:\/\/alarze.ch\/de\/wp-json\/wp\/v2\/media?parent=31099"}],"curies":[{"name":"wp","href":"https:\/\/api.w.org\/{rel}","templated":true}]}}