{"id":31248,"date":"2023-12-07T15:30:38","date_gmt":"2023-12-07T14:30:38","guid":{"rendered":"https:\/\/alarze.ch\/?page_id=31248"},"modified":"2024-11-26T17:49:18","modified_gmt":"2024-11-26T16:49:18","slug":"team","status":"publish","type":"page","link":"https:\/\/alarze.ch\/de\/team\/","title":{"rendered":"Team"},"content":{"rendered":"\t\t<div data-elementor-type=\"wp-page\" data-elementor-id=\"31248\" class=\"elementor elementor-31248 elementor-31247\" data-elementor-post-type=\"page\">\n\t\t\t\t\t\t<section class=\"elementor-section elementor-top-section elementor-element elementor-element-8ed3901 elementor-section-stretched elementor-section-content-middle elementor-section-boxed elementor-section-height-default elementor-section-height-default\" data-id=\"8ed3901\" data-element_type=\"section\" data-settings=\"{&quot;stretch_section&quot;:&quot;section-stretched&quot;,&quot;background_background&quot;:&quot;classic&quot;}\">\n\t\t\t\t\t\t\t<div class=\"elementor-background-overlay\"><\/div>\n\t\t\t\t\t\t\t<div class=\"elementor-container elementor-column-gap-default\">\n\t\t\t\t\t<div class=\"elementor-column elementor-col-100 elementor-top-column elementor-element elementor-element-70f70055\" data-id=\"70f70055\" data-element_type=\"column\">\n\t\t\t<div class=\"elementor-widget-wrap elementor-element-populated\">\n\t\t\t\t\t\t<div class=\"elementor-element elementor-element-43e4f09b elementor-widget elementor-widget-heading\" data-id=\"43e4f09b\" data-element_type=\"widget\" data-widget_type=\"heading.default\">\n\t\t\t\t<div class=\"elementor-widget-container\">\n\t\t\t\t\t<h1 class=\"elementor-heading-title elementor-size-default\">Team<\/h1>\t\t\t\t<\/div>\n\t\t\t\t<\/div>\n\t\t\t\t\t<\/div>\n\t\t<\/div>\n\t\t\t\t\t<\/div>\n\t\t<\/section>\n\t\t\t\t<section class=\"elementor-section elementor-top-section elementor-element elementor-element-2cd7f61 elementor-section-stretched elementor-section-boxed elementor-section-height-default elementor-section-height-default\" data-id=\"2cd7f61\" data-element_type=\"section\" data-settings=\"{&quot;stretch_section&quot;:&quot;section-stretched&quot;}\">\n\t\t\t\t\t\t<div class=\"elementor-container elementor-column-gap-default\">\n\t\t\t\t\t<div class=\"elementor-column elementor-col-100 elementor-top-column elementor-element elementor-element-fee322d\" data-id=\"fee322d\" data-element_type=\"column\">\n\t\t\t<div class=\"elementor-widget-wrap elementor-element-populated\">\n\t\t\t\t\t\t<div class=\"elementor-element elementor-element-50c5690 elementor-widget elementor-widget-heading\" data-id=\"50c5690\" data-element_type=\"widget\" data-widget_type=\"heading.default\">\n\t\t\t\t<div class=\"elementor-widget-container\">\n\t\t\t\t\t<h2 class=\"elementor-heading-title elementor-size-default\">Entdecken Sie unser Team<\/h2>\t\t\t\t<\/div>\n\t\t\t\t<\/div>\n\t\t\t\t<section class=\"elementor-section elementor-inner-section elementor-element elementor-element-5ecb112c elementor-section-boxed elementor-section-height-default elementor-section-height-default\" data-id=\"5ecb112c\" data-element_type=\"section\">\n\t\t\t\t\t\t<div class=\"elementor-container elementor-column-gap-default\">\n\t\t\t\t\t<div class=\"elementor-column elementor-col-50 elementor-inner-column elementor-element elementor-element-1a6a6447\" data-id=\"1a6a6447\" data-element_type=\"column\">\n\t\t\t<div class=\"elementor-widget-wrap elementor-element-populated\">\n\t\t\t\t\t\t<div class=\"elementor-element elementor-element-48b22bab elementor-position-left elementor-vertical-align-middle elementor-widget elementor-widget-image-box\" data-id=\"48b22bab\" data-element_type=\"widget\" data-widget_type=\"image-box.default\">\n\t\t\t\t<div class=\"elementor-widget-container\">\n\t\t\t\t\t<div class=\"elementor-image-box-wrapper\"><figure class=\"elementor-image-box-img\"><img fetchpriority=\"high\" decoding=\"async\" width=\"766\" height=\"1149\" src=\"https:\/\/alarze.ch\/wp-content\/uploads\/2024\/02\/marta.jpg\" class=\"attachment-full size-full wp-image-31846\" alt=\"marta\" srcset=\"https:\/\/alarze.ch\/wp-content\/uploads\/2024\/02\/marta.jpg 766w, https:\/\/alarze.ch\/wp-content\/uploads\/2024\/02\/marta-200x300.jpg 200w, https:\/\/alarze.ch\/wp-content\/uploads\/2024\/02\/marta-683x1024.jpg 683w\" sizes=\"(max-width: 766px) 100vw, 766px\" \/><\/figure><div class=\"elementor-image-box-content\"><h3 class=\"elementor-image-box-title\">Marta<\/h3><p class=\"elementor-image-box-description\">Zimmerm\u00e4dchen<br>Fr\u00fchst\u00fcckshelferin<\/p><\/div><\/div>\t\t\t\t<\/div>\n\t\t\t\t<\/div>\n\t\t\t\t\t<\/div>\n\t\t<\/div>\n\t\t\t\t<div class=\"elementor-column elementor-col-50 elementor-inner-column elementor-element elementor-element-2160c48\" data-id=\"2160c48\" data-element_type=\"column\">\n\t\t\t<div class=\"elementor-widget-wrap elementor-element-populated\">\n\t\t\t\t\t\t<div class=\"elementor-element elementor-element-9b4c66a elementor-position-left elementor-vertical-align-middle elementor-widget elementor-widget-image-box\" data-id=\"9b4c66a\" data-element_type=\"widget\" data-widget_type=\"image-box.default\">\n\t\t\t\t<div class=\"elementor-widget-container\">\n\t\t\t\t\t<div class=\"elementor-image-box-wrapper\"><figure class=\"elementor-image-box-img\"><img decoding=\"async\" width=\"766\" height=\"1149\" src=\"https:\/\/alarze.ch\/wp-content\/uploads\/2024\/02\/carine.jpg\" class=\"attachment-full size-full wp-image-31849\" alt=\"carine\" srcset=\"https:\/\/alarze.ch\/wp-content\/uploads\/2024\/02\/carine.jpg 766w, https:\/\/alarze.ch\/wp-content\/uploads\/2024\/02\/carine-200x300.jpg 200w, https:\/\/alarze.ch\/wp-content\/uploads\/2024\/02\/carine-683x1024.jpg 683w\" sizes=\"(max-width: 766px) 100vw, 766px\" \/><\/figure><div class=\"elementor-image-box-content\"><h3 class=\"elementor-image-box-title\">Carine<\/h3><p class=\"elementor-image-box-description\">Verantwortliche<br>Rezeption<br>Fr\u00fchst\u00fccksservice<\/p><\/div><\/div>\t\t\t\t<\/div>\n\t\t\t\t<\/div>\n\t\t\t\t<div class=\"elementor-element elementor-element-769c568e e-grid-align-right e-grid-align-mobile-center elementor-shape-rounded elementor-grid-0 elementor-widget elementor-widget-social-icons\" data-id=\"769c568e\" data-element_type=\"widget\" data-widget_type=\"social-icons.default\">\n\t\t\t\t<div class=\"elementor-widget-container\">\n\t\t\t\t\t\t\t<div class=\"elementor-social-icons-wrapper elementor-grid\">\n\t\t\t\t\t\t\t<span class=\"elementor-grid-item\">\n\t\t\t\t\t<a class=\"elementor-icon elementor-social-icon elementor-social-icon-facebook elementor-animation-grow elementor-repeater-item-8b93740\" target=\"_blank\">\n\t\t\t\t\t\t<span class=\"elementor-screen-only\">Facebook<\/span>\n\t\t\t\t\t\t\t\t\t\t\t\t\t<i class=\"fa fa-facebook\"><\/i>\n\t\t\t\t\t\t\t\t\t\t\t<\/a>\n\t\t\t\t<\/span>\n\t\t\t\t\t\t\t<span class=\"elementor-grid-item\">\n\t\t\t\t\t<a class=\"elementor-icon elementor-social-icon elementor-social-icon-twitter elementor-animation-grow elementor-repeater-item-d2b7695\" target=\"_blank\">\n\t\t\t\t\t\t<span class=\"elementor-screen-only\">Twitter<\/span>\n\t\t\t\t\t\t\t\t\t\t\t\t\t<i class=\"fa fa-twitter\"><\/i>\n\t\t\t\t\t\t\t\t\t\t\t<\/a>\n\t\t\t\t<\/span>\n\t\t\t\t\t\t\t<span class=\"elementor-grid-item\">\n\t\t\t\t\t<a class=\"elementor-icon elementor-social-icon elementor-social-icon-dribbble elementor-animation-grow elementor-repeater-item-0831677\" target=\"_blank\">\n\t\t\t\t\t\t<span class=\"elementor-screen-only\">Dribbble<\/span>\n\t\t\t\t\t\t\t\t\t\t\t\t\t<i class=\"fa fa-dribbble\"><\/i>\n\t\t\t\t\t\t\t\t\t\t\t<\/a>\n\t\t\t\t<\/span>\n\t\t\t\t\t\t\t<span class=\"elementor-grid-item\">\n\t\t\t\t\t<a class=\"elementor-icon elementor-social-icon elementor-social-icon-behance elementor-animation-grow elementor-repeater-item-0ac3790\" target=\"_blank\">\n\t\t\t\t\t\t<span class=\"elementor-screen-only\">Behance<\/span>\n\t\t\t\t\t\t\t\t\t\t\t\t\t<i class=\"fa fa-behance\"><\/i>\n\t\t\t\t\t\t\t\t\t\t\t<\/a>\n\t\t\t\t<\/span>\n\t\t\t\t\t<\/div>\n\t\t\t\t\t\t<\/div>\n\t\t\t\t<\/div>\n\t\t\t\t\t<\/div>\n\t\t<\/div>\n\t\t\t\t\t<\/div>\n\t\t<\/section>\n\t\t\t\t<section class=\"elementor-section elementor-inner-section elementor-element elementor-element-04de621 elementor-section-boxed elementor-section-height-default elementor-section-height-default\" data-id=\"04de621\" data-element_type=\"section\">\n\t\t\t\t\t\t<div class=\"elementor-container elementor-column-gap-default\">\n\t\t\t\t\t<div class=\"elementor-column elementor-col-50 elementor-inner-column elementor-element elementor-element-30b27d4\" data-id=\"30b27d4\" data-element_type=\"column\">\n\t\t\t<div class=\"elementor-widget-wrap elementor-element-populated\">\n\t\t\t\t\t\t<div class=\"elementor-element elementor-element-d0c427c elementor-position-left elementor-vertical-align-middle elementor-widget elementor-widget-image-box\" data-id=\"d0c427c\" data-element_type=\"widget\" data-widget_type=\"image-box.default\">\n\t\t\t\t<div class=\"elementor-widget-container\">\n\t\t\t\t\t<div class=\"elementor-image-box-wrapper\"><figure class=\"elementor-image-box-img\"><img decoding=\"async\" width=\"766\" height=\"1149\" src=\"https:\/\/alarze.ch\/wp-content\/uploads\/2024\/02\/emilie.jpg\" class=\"attachment-full size-full wp-image-31852\" alt=\"emilie\" srcset=\"https:\/\/alarze.ch\/wp-content\/uploads\/2024\/02\/emilie.jpg 766w, https:\/\/alarze.ch\/wp-content\/uploads\/2024\/02\/emilie-200x300.jpg 200w, https:\/\/alarze.ch\/wp-content\/uploads\/2024\/02\/emilie-683x1024.jpg 683w\" sizes=\"(max-width: 766px) 100vw, 766px\" \/><\/figure><div class=\"elementor-image-box-content\"><h3 class=\"elementor-image-box-title\">\u00c9milie<\/h3><p class=\"elementor-image-box-description\">Rezeption<br>Fr\u00fchst\u00fccksservice<\/p><\/div><\/div>\t\t\t\t<\/div>\n\t\t\t\t<\/div>\n\t\t\t\t\t<\/div>\n\t\t<\/div>\n\t\t\t\t<div class=\"elementor-column elementor-col-50 elementor-inner-column elementor-element elementor-element-aaaaac9\" data-id=\"aaaaac9\" data-element_type=\"column\">\n\t\t\t<div class=\"elementor-widget-wrap elementor-element-populated\">\n\t\t\t\t\t\t<div class=\"elementor-element elementor-element-ed86d72 elementor-position-left elementor-vertical-align-middle elementor-widget elementor-widget-image-box\" data-id=\"ed86d72\" data-element_type=\"widget\" data-widget_type=\"image-box.default\">\n\t\t\t\t<div class=\"elementor-widget-container\">\n\t\t\t\t\t<div class=\"elementor-image-box-wrapper\"><figure class=\"elementor-image-box-img\"><img loading=\"lazy\" decoding=\"async\" width=\"766\" height=\"1149\" src=\"https:\/\/alarze.ch\/wp-content\/uploads\/2024\/02\/yuliya.jpg\" class=\"attachment-full size-full wp-image-31855\" alt=\"yuliya\" srcset=\"https:\/\/alarze.ch\/wp-content\/uploads\/2024\/02\/yuliya.jpg 766w, https:\/\/alarze.ch\/wp-content\/uploads\/2024\/02\/yuliya-200x300.jpg 200w, https:\/\/alarze.ch\/wp-content\/uploads\/2024\/02\/yuliya-683x1024.jpg 683w\" sizes=\"(max-width: 766px) 100vw, 766px\" \/><\/figure><div class=\"elementor-image-box-content\"><h3 class=\"elementor-image-box-title\">Yuliya<\/h3><p class=\"elementor-image-box-description\">Zimmerm\u00e4dchen<br>Fr\u00fchst\u00fcckshelferin<\/p><\/div><\/div>\t\t\t\t<\/div>\n\t\t\t\t<\/div>\n\t\t\t\t<div class=\"elementor-element elementor-element-6769e04 e-grid-align-right e-grid-align-mobile-center elementor-shape-rounded elementor-grid-0 elementor-widget elementor-widget-social-icons\" data-id=\"6769e04\" data-element_type=\"widget\" data-widget_type=\"social-icons.default\">\n\t\t\t\t<div class=\"elementor-widget-container\">\n\t\t\t\t\t\t\t<div class=\"elementor-social-icons-wrapper elementor-grid\">\n\t\t\t\t\t\t\t<span class=\"elementor-grid-item\">\n\t\t\t\t\t<a class=\"elementor-icon elementor-social-icon elementor-social-icon-facebook elementor-animation-grow elementor-repeater-item-8b93740\" target=\"_blank\">\n\t\t\t\t\t\t<span class=\"elementor-screen-only\">Facebook<\/span>\n\t\t\t\t\t\t\t\t\t\t\t\t\t<i class=\"fa fa-facebook\"><\/i>\n\t\t\t\t\t\t\t\t\t\t\t<\/a>\n\t\t\t\t<\/span>\n\t\t\t\t\t\t\t<span class=\"elementor-grid-item\">\n\t\t\t\t\t<a class=\"elementor-icon elementor-social-icon elementor-social-icon-twitter elementor-animation-grow elementor-repeater-item-d2b7695\" target=\"_blank\">\n\t\t\t\t\t\t<span class=\"elementor-screen-only\">Twitter<\/span>\n\t\t\t\t\t\t\t\t\t\t\t\t\t<i class=\"fa fa-twitter\"><\/i>\n\t\t\t\t\t\t\t\t\t\t\t<\/a>\n\t\t\t\t<\/span>\n\t\t\t\t\t\t\t<span class=\"elementor-grid-item\">\n\t\t\t\t\t<a class=\"elementor-icon elementor-social-icon elementor-social-icon-dribbble elementor-animation-grow elementor-repeater-item-0831677\" target=\"_blank\">\n\t\t\t\t\t\t<span class=\"elementor-screen-only\">Dribbble<\/span>\n\t\t\t\t\t\t\t\t\t\t\t\t\t<i class=\"fa fa-dribbble\"><\/i>\n\t\t\t\t\t\t\t\t\t\t\t<\/a>\n\t\t\t\t<\/span>\n\t\t\t\t\t\t\t<span class=\"elementor-grid-item\">\n\t\t\t\t\t<a class=\"elementor-icon elementor-social-icon elementor-social-icon-behance elementor-animation-grow elementor-repeater-item-0ac3790\" target=\"_blank\">\n\t\t\t\t\t\t<span class=\"elementor-screen-only\">Behance<\/span>\n\t\t\t\t\t\t\t\t\t\t\t\t\t<i class=\"fa fa-behance\"><\/i>\n\t\t\t\t\t\t\t\t\t\t\t<\/a>\n\t\t\t\t<\/span>\n\t\t\t\t\t<\/div>\n\t\t\t\t\t\t<\/div>\n\t\t\t\t<\/div>\n\t\t\t\t\t<\/div>\n\t\t<\/div>\n\t\t\t\t\t<\/div>\n\t\t<\/section>\n\t\t\t\t\t<\/div>\n\t\t<\/div>\n\t\t\t\t\t<\/div>\n\t\t<\/section>\n\t\t\t\t<\/div>\n\t\t","protected":false},"excerpt":{"rendered":"<p>Team Entdecken Sie unser Team Marta Zimmerm\u00e4dchenFr\u00fchst\u00fcckshelferin Carine VerantwortlicheRezeptionFr\u00fchst\u00fccksservice Facebook Twitter Dribbble Behance \u00c9milie RezeptionFr\u00fchst\u00fccksservice Yuliya Zimmerm\u00e4dchenFr\u00fchst\u00fcckshelferin Facebook Twitter Dribbble Behance<\/p>\n","protected":false},"author":1,"featured_media":0,"parent":0,"menu_order":0,"comment_status":"closed","ping_status":"closed","template":"","meta":{"footnotes":""},"class_list":["post-31248","page","type-page","status-publish","hentry"],"yoast_head":"<!-- This site is optimized with the Yoast SEO plugin v24.1 - https:\/\/yoast.com\/wordpress\/plugins\/seo\/ -->\n<title>Team - H\u00f4tel A L\u00e2rze<\/title>\n<meta name=\"robots\" content=\"index, follow, max-snippet:-1, max-image-preview:large, max-video-preview:-1\" \/>\n<link rel=\"canonical\" href=\"https:\/\/alarze.ch\/de\/team\/\" \/>\n<meta property=\"og:locale\" content=\"de_DE\" \/>\n<meta property=\"og:type\" content=\"article\" \/>\n<meta property=\"og:title\" content=\"Team - H\u00f4tel A L\u00e2rze\" \/>\n<meta property=\"og:description\" content=\"Team Entdecken Sie unser Team Marta Zimmerm\u00e4dchenFr\u00fchst\u00fcckshelferin Carine VerantwortlicheRezeptionFr\u00fchst\u00fccksservice Facebook Twitter Dribbble Behance \u00c9milie RezeptionFr\u00fchst\u00fccksservice Yuliya Zimmerm\u00e4dchenFr\u00fchst\u00fcckshelferin Facebook Twitter Dribbble Behance\" \/>\n<meta property=\"og:url\" content=\"https:\/\/alarze.ch\/de\/team\/\" \/>\n<meta property=\"og:site_name\" content=\"H\u00f4tel A L\u00e2rze\" \/>\n<meta property=\"article:modified_time\" content=\"2024-11-26T16:49:18+00:00\" \/>\n<meta property=\"og:image\" content=\"https:\/\/alarze.ch\/wp-content\/uploads\/2024\/02\/marta.jpg\" \/>\n\t<meta property=\"og:image:width\" content=\"766\" \/>\n\t<meta property=\"og:image:height\" content=\"1149\" \/>\n\t<meta property=\"og:image:type\" content=\"image\/jpeg\" \/>\n<meta name=\"twitter:card\" content=\"summary_large_image\" \/>\n<meta name=\"twitter:label1\" content=\"Gesch\u00e4tzte Lesezeit\" \/>\n\t<meta name=\"twitter:data1\" content=\"1\u00a0Minute\" \/>\n<script type=\"application\/ld+json\" class=\"yoast-schema-graph\">{\"@context\":\"https:\/\/schema.org\",\"@graph\":[{\"@type\":\"WebPage\",\"@id\":\"https:\/\/alarze.ch\/de\/team\/\",\"url\":\"https:\/\/alarze.ch\/de\/team\/\",\"name\":\"Team - H\u00f4tel A L\u00e2rze\",\"isPartOf\":{\"@id\":\"https:\/\/alarze.ch\/#website\"},\"primaryImageOfPage\":{\"@id\":\"https:\/\/alarze.ch\/de\/team\/#primaryimage\"},\"image\":{\"@id\":\"https:\/\/alarze.ch\/de\/team\/#primaryimage\"},\"thumbnailUrl\":\"https:\/\/alarze.ch\/wp-content\/uploads\/2024\/02\/marta.jpg\",\"datePublished\":\"2023-12-07T14:30:38+00:00\",\"dateModified\":\"2024-11-26T16:49:18+00:00\",\"breadcrumb\":{\"@id\":\"https:\/\/alarze.ch\/de\/team\/#breadcrumb\"},\"inLanguage\":\"de\",\"potentialAction\":[{\"@type\":\"ReadAction\",\"target\":[\"https:\/\/alarze.ch\/de\/team\/\"]}]},{\"@type\":\"ImageObject\",\"inLanguage\":\"de\",\"@id\":\"https:\/\/alarze.ch\/de\/team\/#primaryimage\",\"url\":\"https:\/\/alarze.ch\/wp-content\/uploads\/2024\/02\/marta.jpg\",\"contentUrl\":\"https:\/\/alarze.ch\/wp-content\/uploads\/2024\/02\/marta.jpg\"},{\"@type\":\"BreadcrumbList\",\"@id\":\"https:\/\/alarze.ch\/de\/team\/#breadcrumb\",\"itemListElement\":[{\"@type\":\"ListItem\",\"position\":1,\"name\":\"Home\",\"item\":\"https:\/\/alarze.ch\/de\/heim\/\"},{\"@type\":\"ListItem\",\"position\":2,\"name\":\"Team\"}]},{\"@type\":\"WebSite\",\"@id\":\"https:\/\/alarze.ch\/#website\",\"url\":\"https:\/\/alarze.ch\/\",\"name\":\"H\u00f4tel A L\u00e2rze\",\"description\":\"Nouvel h\u00f4tel A L\u00e2rze au coeur du Val de Bagnes\",\"potentialAction\":[{\"@type\":\"SearchAction\",\"target\":{\"@type\":\"EntryPoint\",\"urlTemplate\":\"https:\/\/alarze.ch\/?s={search_term_string}\"},\"query-input\":{\"@type\":\"PropertyValueSpecification\",\"valueRequired\":true,\"valueName\":\"search_term_string\"}}],\"inLanguage\":\"de\"}]}<\/script>\n<!-- \/ Yoast SEO plugin. -->","yoast_head_json":{"title":"Team - H\u00f4tel A L\u00e2rze","robots":{"index":"index","follow":"follow","max-snippet":"max-snippet:-1","max-image-preview":"max-image-preview:large","max-video-preview":"max-video-preview:-1"},"canonical":"https:\/\/alarze.ch\/de\/team\/","og_locale":"de_DE","og_type":"article","og_title":"Team - H\u00f4tel A L\u00e2rze","og_description":"Team Entdecken Sie unser Team Marta Zimmerm\u00e4dchenFr\u00fchst\u00fcckshelferin Carine VerantwortlicheRezeptionFr\u00fchst\u00fccksservice Facebook Twitter Dribbble Behance \u00c9milie RezeptionFr\u00fchst\u00fccksservice Yuliya Zimmerm\u00e4dchenFr\u00fchst\u00fcckshelferin Facebook Twitter Dribbble Behance","og_url":"https:\/\/alarze.ch\/de\/team\/","og_site_name":"H\u00f4tel A L\u00e2rze","article_modified_time":"2024-11-26T16:49:18+00:00","og_image":[{"width":766,"height":1149,"url":"https:\/\/alarze.ch\/wp-content\/uploads\/2024\/02\/marta.jpg","type":"image\/jpeg"}],"twitter_card":"summary_large_image","twitter_misc":{"Gesch\u00e4tzte Lesezeit":"1\u00a0Minute"},"schema":{"@context":"https:\/\/schema.org","@graph":[{"@type":"WebPage","@id":"https:\/\/alarze.ch\/de\/team\/","url":"https:\/\/alarze.ch\/de\/team\/","name":"Team - H\u00f4tel A L\u00e2rze","isPartOf":{"@id":"https:\/\/alarze.ch\/#website"},"primaryImageOfPage":{"@id":"https:\/\/alarze.ch\/de\/team\/#primaryimage"},"image":{"@id":"https:\/\/alarze.ch\/de\/team\/#primaryimage"},"thumbnailUrl":"https:\/\/alarze.ch\/wp-content\/uploads\/2024\/02\/marta.jpg","datePublished":"2023-12-07T14:30:38+00:00","dateModified":"2024-11-26T16:49:18+00:00","breadcrumb":{"@id":"https:\/\/alarze.ch\/de\/team\/#breadcrumb"},"inLanguage":"de","potentialAction":[{"@type":"ReadAction","target":["https:\/\/alarze.ch\/de\/team\/"]}]},{"@type":"ImageObject","inLanguage":"de","@id":"https:\/\/alarze.ch\/de\/team\/#primaryimage","url":"https:\/\/alarze.ch\/wp-content\/uploads\/2024\/02\/marta.jpg","contentUrl":"https:\/\/alarze.ch\/wp-content\/uploads\/2024\/02\/marta.jpg"},{"@type":"BreadcrumbList","@id":"https:\/\/alarze.ch\/de\/team\/#breadcrumb","itemListElement":[{"@type":"ListItem","position":1,"name":"Home","item":"https:\/\/alarze.ch\/de\/heim\/"},{"@type":"ListItem","position":2,"name":"Team"}]},{"@type":"WebSite","@id":"https:\/\/alarze.ch\/#website","url":"https:\/\/alarze.ch\/","name":"H\u00f4tel A L\u00e2rze","description":"Nouvel h\u00f4tel A L\u00e2rze au coeur du Val de Bagnes","potentialAction":[{"@type":"SearchAction","target":{"@type":"EntryPoint","urlTemplate":"https:\/\/alarze.ch\/?s={search_term_string}"},"query-input":{"@type":"PropertyValueSpecification","valueRequired":true,"valueName":"search_term_string"}}],"inLanguage":"de"}]}},"_links":{"self":[{"href":"https:\/\/alarze.ch\/de\/wp-json\/wp\/v2\/pages\/31248","targetHints":{"allow":["GET"]}}],"collection":[{"href":"https:\/\/alarze.ch\/de\/wp-json\/wp\/v2\/pages"}],"about":[{"href":"https:\/\/alarze.ch\/de\/wp-json\/wp\/v2\/types\/page"}],"author":[{"embeddable":true,"href":"https:\/\/alarze.ch\/de\/wp-json\/wp\/v2\/users\/1"}],"replies":[{"embeddable":true,"href":"https:\/\/alarze.ch\/de\/wp-json\/wp\/v2\/comments?post=31248"}],"version-history":[{"count":15,"href":"https:\/\/alarze.ch\/de\/wp-json\/wp\/v2\/pages\/31248\/revisions"}],"predecessor-version":[{"id":32031,"href":"https:\/\/alarze.ch\/de\/wp-json\/wp\/v2\/pages\/31248\/revisions\/32031"}],"wp:attachment":[{"href":"https:\/\/alarze.ch\/de\/wp-json\/wp\/v2\/media?parent=31248"}],"curies":[{"name":"wp","href":"https:\/\/api.w.org\/{rel}","templated":true}]}}